{"id":1442,"date":"2021-02-17T16:46:20","date_gmt":"2021-02-17T16:46:20","guid":{"rendered":"http:\/\/www.crvenikrizbuje.hr\/?page_id=1442"},"modified":"2026-02-26T08:42:50","modified_gmt":"2026-02-26T08:42:50","slug":"natjecaji","status":"publish","type":"page","link":"https:\/\/www.crvenikrizbuje.hr\/?page_id=1442","title":{"rendered":"NATJE\u010cAJI"},"content":{"rendered":"<div class=\"wpb-content-wrapper\"><p>[vc_row][vc_column][vc_column_text]<\/p>\n<figure class=\"wp-block-image aligncenter size-large is-resized\"><img loading=\"lazy\" decoding=\"async\" width=\"1024\" height=\"576\" class=\"wp-image-1443\" style=\"width: 1280px; height: auto;\" src=\"http:\/\/www.crvenikrizbuje.hr\/wp-content\/uploads\/2021\/02\/success-2081167_1280-1024x576.jpg\" alt=\"\" srcset=\"https:\/\/www.crvenikrizbuje.hr\/wp-content\/uploads\/2021\/02\/success-2081167_1280-1024x576.jpg 1024w, https:\/\/www.crvenikrizbuje.hr\/wp-content\/uploads\/2021\/02\/success-2081167_1280-300x169.jpg 300w, https:\/\/www.crvenikrizbuje.hr\/wp-content\/uploads\/2021\/02\/success-2081167_1280-768x432.jpg 768w, https:\/\/www.crvenikrizbuje.hr\/wp-content\/uploads\/2021\/02\/success-2081167_1280.jpg 1280w\" sizes=\"auto, (max-width: 1024px) 100vw, 1024px\" \/><\/figure>\n\n\n<h1 class=\"wp-block-heading has-text-align-center\"><span class=\"has-inline-color\" style=\"color: #f40606;\">NATJE\u010cAJI ZA RADNA MJESTA<\/span><\/h1>\n<p><a href=\"http:\/\/www.crvenikrizbuje.hr\/wp-content\/uploads\/2026\/02\/ishod-natjecaja-Marina-Kristo.pdf\" target=\"_blank\" rel=\"noopener\">ISHOD NATJE\u010cAJA<\/a><\/p>\n<p><a href=\"http:\/\/www.crvenikrizbuje.hr\/wp-content\/uploads\/2026\/02\/ishod-natjecaja-Marina-Kristo.pdf\" target=\"_blank\" rel=\"noopener\">Download<\/a><\/p>\n\n\n<div class=\"wp-block-columns is-layout-flex wp-container-core-columns-is-layout-1 wp-block-columns-is-layout-flex\">\n<div class=\"wp-block-column is-vertically-aligned-top\" style=\"flex-basis: 100%;\">\n<div class=\"wp-block-file alignleft\"><a href=\"http:\/\/www.crvenikrizbuje.hr\/wp-content\/uploads\/2026\/01\/natjecaj-za-radno-mjesto-gerontodomacica.pdf\">natjecaj-za-radno-mjesto-gerontodomacice-01-2026<\/a><a class=\"wp-block-file__button wp-element-button\" href=\"http:\/\/www.crvenikrizbuje.hr\/wp-content\/uploads\/2026\/01\/natjecaj-za-radno-mjesto-gerontodomacica.pdf\" download=\"\">Download\u00a0\u00a0\u00a0<\/a><\/div>\n<\/div>\n<div><\/div>\n<\/div>\n<div class=\"wp-block-column\"><\/div>\n<div><\/div>\n<div><a href=\"http:\/\/www.crvenikrizbuje.hr\/wp-content\/uploads\/2026\/02\/ishod-natjecaja-Hrvoje-K_.pdf\">ISHOD NATJE\u010cAJA\u00a0<\/a><\/div>\n<div><a href=\"http:\/\/Download\">Download<\/a><\/div>\n\n\n<div class=\"wp-block-columns is-layout-flex wp-container-core-columns-is-layout-2 wp-block-columns-is-layout-flex\">\n<div class=\"wp-block-column is-vertically-aligned-top is-layout-flow wp-block-column-is-layout-flow\" style=\"flex-basis: 100%;\">\n<div class=\"wp-block-file alignleft\"><a href=\"https:\/\/www.crvenikrizbuje.hr\/wp-content\/uploads\/2021\/12\/Tekst-za-natjecaj-ravnatelja-BUJE-.pdf\">NATJE\u010cAJ ZA RADNO MJESTO RAVNATELJA GRADSKOG DRU\u0160TVA CRVNEOG KRI\u017dA BUJE<\/a><a class=\"wp-block-file__button wp-element-button\" href=\"https:\/\/www.crvenikrizbuje.hr\/wp-content\/uploads\/2021\/12\/Tekst-za-natjecaj-ravnatelja-BUJE-.pdf\" download=\"\">Download<\/a><\/div>\n\n<\/div>\n\n\n<div class=\"wp-block-column is-layout-flow wp-block-column-is-layout-flow\"><\/div>\n\n<\/div>\n\n\n<div class=\"wp-block-file\"><a href=\"https:\/\/www.crvenikrizbuje.hr\/wp-content\/uploads\/2022\/02\/ishod-natjecaja.pdf\">Ishod-natje\u010daja<\/a><a class=\"wp-block-file__button wp-element-button\" href=\"https:\/\/www.crvenikrizbuje.hr\/wp-content\/uploads\/2022\/02\/ishod-natjecaja.pdf\" download=\"\">Download<\/a><\/div>\n\n\n<div class=\"wp-block-file\"><a href=\"https:\/\/www.crvenikrizbuje.hr\/wp-content\/uploads\/2021\/10\/natjecaj-za-radno-mjesto-Gerontodomacice-10-2021.pdf\">natjecaj-za-radno-mjesto-Gerontodomacice-10-2021<\/a><a class=\"wp-block-file__button wp-element-button\" href=\"https:\/\/www.crvenikrizbuje.hr\/wp-content\/uploads\/2021\/10\/natjecaj-za-radno-mjesto-Gerontodomacice-10-2021.pdf\" download=\"\">Download<\/a><\/div>\n\n\n<div class=\"wp-block-file\"><a href=\"https:\/\/www.crvenikrizbuje.hr\/wp-content\/uploads\/2021\/07\/ishod-natjecaja.pdf\">ISHOD NATJE\u010cAJA<\/a><a class=\"wp-block-file__button wp-element-button\" href=\"https:\/\/www.crvenikrizbuje.hr\/wp-content\/uploads\/2021\/07\/ishod-natjecaja.pdf\" download=\"\">Download<\/a><\/div>\n\n\n<div class=\"wp-block-file\"><a href=\"https:\/\/www.crvenikrizbuje.hr\/wp-content\/uploads\/2021\/02\/gerontodomacica.pdf\">NATJE\u010cAJ ZA RADNO MJESTO GERONTODOMA\u010cICE 03-2021<\/a><a class=\"wp-block-file__button wp-element-button\" href=\"https:\/\/www.crvenikrizbuje.hr\/wp-content\/uploads\/2021\/02\/gerontodomacica.pdf\" download=\"\">Download<\/a><\/div>\n\n\n<div class=\"wp-block-file\"><a href=\"https:\/\/www.crvenikrizbuje.hr\/wp-content\/uploads\/2021\/02\/koordinator.pdf\">NATJE\u010cAJ ZA RADNO MJESTO KOORDINATORA 03-2021<\/a><a class=\"wp-block-file__button wp-element-button\" href=\"https:\/\/www.crvenikrizbuje.hr\/wp-content\/uploads\/2021\/02\/koordinator.pdf\" download=\"\">Download<\/a><\/div>\n\n<p>&nbsp;[\/vc_column_text][\/vc_column][\/vc_row]<\/p>\n<\/div>","protected":false},"excerpt":{"rendered":"<p>[vc_row][vc_column][vc_column_text] NATJE\u010cAJI ZA RADNA MJESTA ISHOD NATJE\u010cAJA Download natjecaj-za-radno-mjesto-gerontodomacice-01-2026Download\u00a0\u00a0\u00a0 ISHOD NATJE\u010cAJA\u00a0 Download &nbsp;[\/vc_column_text][\/vc_column][\/vc_row]<\/p>\n","protected":false},"author":1,"featured_media":0,"parent":0,"menu_order":0,"comment_status":"closed","ping_status":"open","template":"","meta":{"_monsterinsights_skip_tracking":false,"_monsterinsights_sitenote_active":false,"_monsterinsights_sitenote_note":"","_monsterinsights_sitenote_category":0,"footnotes":""},"class_list":["post-1442","page","type-page","status-publish","hentry"],"_links":{"self":[{"href":"https:\/\/www.crvenikrizbuje.hr\/index.php?rest_route=\/wp\/v2\/pages\/1442","targetHints":{"allow":["GET"]}}],"collection":[{"href":"https:\/\/www.crvenikrizbuje.hr\/index.php?rest_route=\/wp\/v2\/pages"}],"about":[{"href":"https:\/\/www.crvenikrizbuje.hr\/index.php?rest_route=\/wp\/v2\/types\/page"}],"author":[{"embeddable":true,"href":"https:\/\/www.crvenikrizbuje.hr\/index.php?rest_route=\/wp\/v2\/users\/1"}],"replies":[{"embeddable":true,"href":"https:\/\/www.crvenikrizbuje.hr\/index.php?rest_route=%2Fwp%2Fv2%2Fcomments&post=1442"}],"version-history":[{"count":8,"href":"https:\/\/www.crvenikrizbuje.hr\/index.php?rest_route=\/wp\/v2\/pages\/1442\/revisions"}],"predecessor-version":[{"id":2589,"href":"https:\/\/www.crvenikrizbuje.hr\/index.php?rest_route=\/wp\/v2\/pages\/1442\/revisions\/2589"}],"wp:attachment":[{"href":"https:\/\/www.crvenikrizbuje.hr\/index.php?rest_route=%2Fwp%2Fv2%2Fmedia&parent=1442"}],"curies":[{"name":"wp","href":"https:\/\/api.w.org\/{rel}","templated":true}]}}