{"id":1656,"date":"2021-07-20T11:41:03","date_gmt":"2021-07-20T11:41:03","guid":{"rendered":"http:\/\/www.crvenikrizbuje.hr\/?page_id=1656"},"modified":"2021-09-01T09:18:29","modified_gmt":"2021-09-01T09:18:29","slug":"projekti","status":"publish","type":"page","link":"https:\/\/www.crvenikrizbuje.hr\/?page_id=1656","title":{"rendered":"PROJEKTI"},"content":{"rendered":"\n<ul class=\"wp-block-list\"><li><a href=\"https:\/\/www.crvenikrizbuje.hr\/?page_id=1666\" data-type=\"page\" data-id=\"1666\">PROJEKT: S NAMI NISTE SAMI<\/a>I<\/li><li><a href=\"https:\/\/www.crvenikrizbuje.hr\/?page_id=1673\" data-type=\"page\" data-id=\"1673\">PROJEKT: POMO\u0106 U KU\u0106I NA BUJ\u0160TINI<\/a><\/li><\/ul>\n","protected":false},"excerpt":{"rendered":"<p>PROJEKT: S NAMI NISTE SAMII PROJEKT: POMO\u0106 U KU\u0106I NA BUJ\u0160TINI<\/p>\n","protected":false},"author":1,"featured_media":0,"parent":0,"menu_order":0,"comment_status":"closed","ping_status":"closed","template":"","meta":{"_monsterinsights_skip_tracking":false,"_monsterinsights_sitenote_active":false,"_monsterinsights_sitenote_note":"","_monsterinsights_sitenote_category":0,"footnotes":""},"class_list":["post-1656","page","type-page","status-publish","hentry"],"_links":{"self":[{"href":"https:\/\/www.crvenikrizbuje.hr\/index.php?rest_route=\/wp\/v2\/pages\/1656","targetHints":{"allow":["GET"]}}],"collection":[{"href":"https:\/\/www.crvenikrizbuje.hr\/index.php?rest_route=\/wp\/v2\/pages"}],"about":[{"href":"https:\/\/www.crvenikrizbuje.hr\/index.php?rest_route=\/wp\/v2\/types\/page"}],"author":[{"embeddable":true,"href":"https:\/\/www.crvenikrizbuje.hr\/index.php?rest_route=\/wp\/v2\/users\/1"}],"replies":[{"embeddable":true,"href":"https:\/\/www.crvenikrizbuje.hr\/index.php?rest_route=%2Fwp%2Fv2%2Fcomments&post=1656"}],"version-history":[{"count":0,"href":"https:\/\/www.crvenikrizbuje.hr\/index.php?rest_route=\/wp\/v2\/pages\/1656\/revisions"}],"wp:attachment":[{"href":"https:\/\/www.crvenikrizbuje.hr\/index.php?rest_route=%2Fwp%2Fv2%2Fmedia&parent=1656"}],"curies":[{"name":"wp","href":"https:\/\/api.w.org\/{rel}","templated":true}]}}