{"id":2467,"date":"2024-10-31T13:21:53","date_gmt":"2024-10-31T13:21:53","guid":{"rendered":"https:\/\/www.crvenikrizbuje.hr\/?page_id=2467"},"modified":"2024-10-31T14:01:55","modified_gmt":"2024-10-31T14:01:55","slug":"javna-nabava","status":"publish","type":"page","link":"https:\/\/www.crvenikrizbuje.hr\/?page_id=2467","title":{"rendered":"JAVNA NABAVA"},"content":{"rendered":"<div class=\"wpb-content-wrapper\"><p>[vc_row][vc_column][\/vc_column][\/vc_row][vc_row][vc_column][vc_column_text]<\/p>\n<p style=\"text-align: center;\"><a href=\"http:\/\/www.crvenikrizbuje.hr\/wp-content\/uploads\/2024\/10\/GDCK-Buje-Pravilnik-o-provedbi-postupaka-jednostavne-nabave.pdf\">GDCK Buje &#8211; Pravilnik o provedbi postupaka jednostavne nabave<\/a><\/p>\n<p>[\/vc_column_text][vc_separator color=&#8221;white&#8221;][vc_column_text]<\/p>\n<p style=\"text-align: center;\"><strong><span style=\"color: #000000;\"><span style=\"vertical-align: inherit;\"><span style=\"vertical-align: inherit;\"><span style=\"vertical-align: inherit;\"><span style=\"vertical-align: inherit;\">POPIS GOSPODARSKIH SUBJEKATA S KOJIMA JE NARU\u010cITELJ U SUKOBU INTERESA<\/span><\/span><\/span><\/span><\/span><\/strong><\/p>\n<p><span style=\"color: #000000;\"><span style=\"vertical-align: inherit;\"><span style=\"vertical-align: inherit;\"><span style=\"vertical-align: inherit;\"><span style=\"vertical-align: inherit;\">Sukladno \u010dlanku 80. ZJN 2016., a vezano uz odredbe \u010dlanaka 76. i 77. ZJN 2016. i splet sukoba interesa, Naru\u010ditelj ne smije sklapati ugovore o javnoj nabavi kao ni okvirne sporazume sa sljede\u0107im gospodarskim subjektima (u svojstvu Ponuditelja, \u010dlanova zajednica gospodarskih zajednica). subjekta i podugovaratelja odabranom Ponuditelju), i to:<\/span><\/span><\/span><\/span><\/span><\/p>\n<ul>\n<li><span style=\"color: #000000;\"><span style=\"vertical-align: inherit;\"><span style=\"vertical-align: inherit;\"><span style=\"vertical-align: inherit;\"><span style=\"vertical-align: inherit;\">TO\u010cKICA, obrt za ugostiteljstvo, Murve 11, Novigrad-Cittanova OIB: 57054496540<\/span><\/span><\/span><\/span><\/span><\/li>\n<li><span style=\"color: #000000;\"><span style=\"vertical-align: inherit;\"><span style=\"vertical-align: inherit;\"><span style=\"vertical-align: inherit;\"><span style=\"vertical-align: inherit;\">OPG RADO\u0160EVI\u0106, Grobice 6 Brtonigla-Verteneglio OIB: 01113713281<\/span><\/span><\/span><\/span><\/span><\/li>\n<li><span style=\"color: #000000;\"><span style=\"vertical-align: inherit;\"><span style=\"vertical-align: inherit;\"><span style=\"vertical-align: inherit;\"><span style=\"vertical-align: inherit;\">KONOBA PINTUR , obrt za ugostiteljstvo, Mate Gorjana 9, Gro\u017enjan-Grisignana OIB: 13766847716<\/span><\/span><\/span><\/span><\/span><\/li>\n<li><span style=\"color: #000000;\"><span style=\"vertical-align: inherit;\"><span style=\"vertical-align: inherit;\"><span style=\"vertical-align: inherit;\"><span style=\"vertical-align: inherit;\">EKSTREMNI MARKETING doo, Brolo 26, Buje-Buie OIB: 74508240540<\/span><\/span><\/span><\/span><\/span><\/li>\n<\/ul>\n<p>[\/vc_column_text][\/vc_column][\/vc_row]<\/p>\n<\/div>","protected":false},"excerpt":{"rendered":"<p>[vc_row][vc_column][\/vc_column][\/vc_row][vc_row][vc_column][vc_column_text] GDCK Buje &#8211; Pravilnik o provedbi postupaka jednostavne nabave [\/vc_column_text][vc_separator color=&#8221;white&#8221;][vc_column_text] POPIS GOSPODARSKIH SUBJEKATA S KOJIMA JE NARU\u010cITELJ U SUKOBU INTERESA Sukladno \u010dlanku 80. ZJN 2016., a vezano uz<\/p>\n","protected":false},"author":1,"featured_media":0,"parent":0,"menu_order":0,"comment_status":"closed","ping_status":"closed","template":"","meta":{"_monsterinsights_skip_tracking":false,"_monsterinsights_sitenote_active":false,"_monsterinsights_sitenote_note":"","_monsterinsights_sitenote_category":0,"footnotes":""},"class_list":["post-2467","page","type-page","status-publish","hentry"],"_links":{"self":[{"href":"https:\/\/www.crvenikrizbuje.hr\/index.php?rest_route=\/wp\/v2\/pages\/2467","targetHints":{"allow":["GET"]}}],"collection":[{"href":"https:\/\/www.crvenikrizbuje.hr\/index.php?rest_route=\/wp\/v2\/pages"}],"about":[{"href":"https:\/\/www.crvenikrizbuje.hr\/index.php?rest_route=\/wp\/v2\/types\/page"}],"author":[{"embeddable":true,"href":"https:\/\/www.crvenikrizbuje.hr\/index.php?rest_route=\/wp\/v2\/users\/1"}],"replies":[{"embeddable":true,"href":"https:\/\/www.crvenikrizbuje.hr\/index.php?rest_route=%2Fwp%2Fv2%2Fcomments&post=2467"}],"version-history":[{"count":4,"href":"https:\/\/www.crvenikrizbuje.hr\/index.php?rest_route=\/wp\/v2\/pages\/2467\/revisions"}],"predecessor-version":[{"id":2479,"href":"https:\/\/www.crvenikrizbuje.hr\/index.php?rest_route=\/wp\/v2\/pages\/2467\/revisions\/2479"}],"wp:attachment":[{"href":"https:\/\/www.crvenikrizbuje.hr\/index.php?rest_route=%2Fwp%2Fv2%2Fmedia&parent=2467"}],"curies":[{"name":"wp","href":"https:\/\/api.w.org\/{rel}","templated":true}]}}