{"id":514,"date":"2020-02-13T12:14:48","date_gmt":"2020-02-13T12:14:48","guid":{"rendered":"http:\/\/www.crvenikrizbuje.hr\/?page_id=514"},"modified":"2026-02-11T13:38:26","modified_gmt":"2026-02-11T13:38:26","slug":"osnova-za-rad","status":"publish","type":"page","link":"https:\/\/www.crvenikrizbuje.hr\/?page_id=514","title":{"rendered":"OSNOVA ZA RAD"},"content":{"rendered":"<div class=\"wpb-content-wrapper\"><p>[vc_row][vc_column][vc_column_text]<\/p>\n<p>&nbsp;<\/p>\n<p><br \/><strong><span style=\"vertical-align: inherit;\"><span style=\"vertical-align: inherit;\"><span style=\"vertical-align: inherit;\"><span style=\"vertical-align: inherit;\"><span style=\"vertical-align: inherit;\"><span style=\"vertical-align: inherit;\"><span style=\"vertical-align: inherit;\"><span style=\"vertical-align: inherit;\">Zakon o Hrvatskom Crvenom kri\u017eu\u00a0<\/span><\/span><\/span><\/span><\/span><\/span><\/span><\/span><\/strong><span style=\"vertical-align: inherit;\"><span style=\"vertical-align: inherit;\"><span style=\"vertical-align: inherit;\"><span style=\"vertical-align: inherit;\"><span style=\"vertical-align: inherit;\"><span style=\"vertical-align: inherit;\"><span style=\"vertical-align: inherit;\"><span style=\"vertical-align: inherit;\"> donio je Hrvatski sabor 28. svibnja 2010. godine, a objavljen je u NN71\/2010.<\/span><\/span><\/span><\/span><\/span><\/span><\/span><\/span><\/p>\n\n<p><br \/><strong><span style=\"vertical-align: inherit;\"><span style=\"vertical-align: inherit;\"><span style=\"vertical-align: inherit;\"><span style=\"vertical-align: inherit;\"><span style=\"vertical-align: inherit;\"><span style=\"vertical-align: inherit;\"><span style=\"vertical-align: inherit;\"><span style=\"vertical-align: inherit;\">Statut Hrvatskog Crvenog kri\u017ea<\/span><\/span><\/span><\/span><\/span><\/span><\/span><\/span><\/strong><span style=\"vertical-align: inherit;\"><span style=\"vertical-align: inherit;\"><span style=\"vertical-align: inherit;\"><span style=\"vertical-align: inherit;\"><span style=\"vertical-align: inherit;\"><span style=\"vertical-align: inherit;\"><span style=\"vertical-align: inherit;\"><span style=\"vertical-align: inherit;\"> \u00a0temeljni je akt za rad i djelovanje Hrvatskog Crvenog kri\u017ea. Statut Hrvatskog Crvenog kri\u017ea objavljen je u \u201cNarodnim novinama\u201d broj 130 od 02. studenog 2005. godine NN 130\/05) \u2013 kao pro\u010di\u0161\u0107eni tekst. <\/span><\/span><\/span><\/span><\/span><\/span><\/span><\/span><br \/><span style=\"vertical-align: inherit;\"><span style=\"vertical-align: inherit;\"><span style=\"vertical-align: inherit;\"><span style=\"vertical-align: inherit;\"><span style=\"vertical-align: inherit;\"><span style=\"vertical-align: inherit;\"><span style=\"vertical-align: inherit;\"><span style=\"vertical-align: inherit;\">Statutom se ure\u0111uje rad, djelovanje i ustroj Hrvatskog Crvenog kri\u017ea i njegovih op\u0107inskih, gradskih i \u017eupanijskih dru\u0161tava. <\/span><\/span><\/span><\/span><\/span><\/span><\/span><\/span><br \/><span style=\"vertical-align: inherit;\"><span style=\"vertical-align: inherit;\"><span style=\"vertical-align: inherit;\"><span style=\"vertical-align: inherit;\"><span style=\"vertical-align: inherit;\"><span style=\"vertical-align: inherit;\"><span style=\"vertical-align: inherit;\"><span style=\"vertical-align: inherit;\">Statut donosi Skup\u0161tina Hrvatskog Crvenog kri\u017ea, a suglasnost na Statut daje Hrvatski sabor.<\/span><\/span><\/span><\/span><\/span><\/span><\/span><\/span><\/p>\n\n<div class=\"wp-block-image\">\n<figure class=\"aligncenter size-large\"><img loading=\"lazy\" decoding=\"async\" width=\"404\" height=\"126\" class=\"wp-image-760\" src=\"http:\/\/www.crvenikrizbuje.hr\/wp-content\/uploads\/2020\/02\/Crveni-kriz-logo.jpg\" alt=\"\" srcset=\"https:\/\/www.crvenikrizbuje.hr\/wp-content\/uploads\/2020\/02\/Crveni-kriz-logo.jpg 404w, https:\/\/www.crvenikrizbuje.hr\/wp-content\/uploads\/2020\/02\/Crveni-kriz-logo-300x94.jpg 300w\" sizes=\"auto, (max-width: 404px) 100vw, 404px\" \/><\/figure><\/div>\n<p><br \/><strong><span style=\"vertical-align: inherit;\"><span style=\"vertical-align: inherit;\"><span style=\"vertical-align: inherit;\"><span style=\"vertical-align: inherit;\"><span style=\"vertical-align: inherit;\"><span style=\"vertical-align: inherit;\"><span style=\"vertical-align: inherit;\"><span style=\"vertical-align: inherit;\">Statut GDCK Buje<\/span><\/span><\/span><\/span><\/span><\/span><\/span><\/span><\/strong><span style=\"vertical-align: inherit;\"><span style=\"vertical-align: inherit;\"><span style=\"vertical-align: inherit;\"><span style=\"vertical-align: inherit;\"><span style=\"vertical-align: inherit;\"><span style=\"vertical-align: inherit;\"><span style=\"vertical-align: inherit;\"><span style=\"vertical-align: inherit;\"> \u00a0\u00a0temeljni je akt na kojem Gradsko dru\u0161tvo Crvenog kri\u017ea Buje temelji svoje djelovanje.<\/span><\/span><\/span><\/span><\/span><\/span><\/span><\/span><\/p>\n\n<p><br \/><strong><span style=\"vertical-align: inherit;\"><span style=\"vertical-align: inherit;\"><span style=\"vertical-align: inherit;\"><span style=\"vertical-align: inherit;\"><span style=\"vertical-align: inherit;\"><span style=\"vertical-align: inherit;\"><span style=\"vertical-align: inherit;\"><span style=\"vertical-align: inherit;\">Statut Me\u0111unarodnog pokreta Crvenog kri\u017ea i Crvenog polumjeseca<\/span><\/span><\/span><\/span><\/span><\/span><\/span><\/span><\/strong><span style=\"vertical-align: inherit;\"><span style=\"vertical-align: inherit;\"><span style=\"vertical-align: inherit;\"><span style=\"vertical-align: inherit;\"><span style=\"vertical-align: inherit;\"><span style=\"vertical-align: inherit;\"><span style=\"vertical-align: inherit;\"><span style=\"vertical-align: inherit;\"> \u00a0propisuje minimalne uvjete za izradu statuta nacionalnih dru\u0161tava, to je glavni dokument koji definira prava i obveze sastavnica Pokreta i dr\u017eava stranaka \u017denevskih konvencija. Statut tako\u0111er ure\u0111uje na\u010din rada statutarnih tijela Pokreta, definira na\u010din na koji sastavnice me\u0111usobno sura\u0111uju, kako sura\u0111uju s dr\u017eavama strankama \u017denevskih konvencija te koje su njihova prava i obveze.<\/span><\/span><\/span><\/span><\/span><\/span><\/span><\/span><\/p>\n\n<p><br \/><span style=\"vertical-align: inherit;\"><span style=\"vertical-align: inherit;\"><span style=\"vertical-align: inherit;\"><span style=\"vertical-align: inherit;\"><span style=\"vertical-align: inherit;\"><span style=\"vertical-align: inherit;\"><span style=\"vertical-align: inherit;\"><span style=\"vertical-align: inherit;\">\u00a0 \u00a0Smjernice Me\u0111unarodne federacije (policies) omogu\u0107uju svim \u010dlanicama i tijelima Me\u0111unarodne federacije djelovanje u postizanju ciljeva misije i referentni su dokumenti za osiguranje konzistentnog dono\u0161enja odluka. Glavna skup\u0161tina Me\u0111unarodne federacije donosi smjernice, te je i 1997. usvojila dokument kojim se smjernice grupiraju u \u0161est poglavlja: programi i usluge, odgovor u situacijama hitnosti, komunikacije i odnosi, institucionalni razvoj, ljudski potencijal i izvori financiranja. Sve smjernice nalaze se na Internet stranicama Me\u0111unarodne federacije Crvenog kri\u017ea www.ifrc.org<\/span><\/span><\/span><\/span><\/span><\/span><\/span><\/span><\/p>\n\n\n\n\n<p class=\"has-text-align-center\"><strong><span style=\"vertical-align: inherit;\"><span style=\"vertical-align: inherit;\"><span style=\"vertical-align: inherit;\"><span style=\"vertical-align: inherit;\"><span style=\"vertical-align: inherit;\"><span style=\"vertical-align: inherit;\"><span style=\"vertical-align: inherit;\"><span style=\"vertical-align: inherit;\">Va\u017eni dokumenti <\/span><\/span><\/span><\/span><\/span><\/span><\/span><\/span><\/strong> <strong><span style=\"vertical-align: inherit;\"><span style=\"vertical-align: inherit;\"><span style=\"vertical-align: inherit;\"><span style=\"vertical-align: inherit;\"><span style=\"vertical-align: inherit;\"><span style=\"vertical-align: inherit;\"><span style=\"vertical-align: inherit;\"><span style=\"vertical-align: inherit;\">Crvenog kri\u017ea<\/span><\/span><\/span><\/span><\/span><\/span><\/span><\/span><\/strong><\/p>\n\n<div class=\"wp-block-file aligncenter\"><p><a href=\"http:\/\/www.crvenikrizbuje.hr\/wp-content\/uploads\/2020\/02\/ZAKON-O-HRVATSKO-CRVENOM-KRI\u017dU.pdf\" target=\"_blank\" rel=\"noreferrer noopener\"><span style=\"vertical-align: inherit;\"><span style=\"vertical-align: inherit;\"><span style=\"vertical-align: inherit;\"><span style=\"vertical-align: inherit;\"><span style=\"vertical-align: inherit;\"><span style=\"vertical-align: inherit;\"><span style=\"vertical-align: inherit;\"><span style=\"vertical-align: inherit;\">ZAKON-O-HRVATSKO-CRVENOM-KRI\u017dU<\/span><\/span><\/span><\/span><\/span><\/span><\/span><\/span><\/a><\/p>\n<p><\/div>\n<div class=\"wp-block-file aligncenter\"><a href=\"http:\/\/www.crvenikrizbuje.hr\/wp-content\/uploads\/2020\/02\/STATUT-HRVATSKOG-CRVENOG-KRI\u017dA.pdf\" target=\"_blank\" rel=\"noreferrer noopener\"><span style=\"vertical-align: inherit;\"><span style=\"vertical-align: inherit;\"><span style=\"vertical-align: inherit;\"><span style=\"vertical-align: inherit;\"><span style=\"vertical-align: inherit;\"><span style=\"vertical-align: inherit;\"><span style=\"vertical-align: inherit;\"><span style=\"vertical-align: inherit;\">STATUT-HRVATSKOG-CRVENOG-KRI\u017dA<\/span><\/span><\/span><\/span><\/span><\/span><\/span><\/span><\/a><\/div>\n<pre><a href=\"http:\/\/www.crvenikrizbuje.hr\/wp-content\/uploads\/2026\/02\/Statut-HCK-GDCK-Buje.pdf\">\u00a0 \u00a0 \u00a0 \u00a0 \u00a0 \u00a0 \u00a0 \u00a0 \u00a0 \u00a0 \u00a0 \u00a0 \u00a0 \u00a0 \u00a0 \u00a0 \u00a0 \u00a0 \u00a0   \u00a0 \u00a0 \u00a0 \u00a0 \u00a0 \u00a0 \u00a0  \u00a0 \u00a0 \u00a0 \u00a0 \u00a0 \u00a0 \u00a0 \u00a0 \u00a0 \u00a0 \u00a0 \u00a0 \u00a0 \u00a0 \u00a0 \u00a0 \u00a0 \u00a0 \u00a0 \u00a0 \u00a0 \u00a0 \u00a0 \u00a0 \u00a0 \u00a0 \u00a0 \u00a0STATUT HCK GDCK BUJE<\/a><\/pre>\n<div class=\"wp-block-file aligncenter\"><p><a href=\"https:\/\/www.crvenikrizbuje.hr\/wp-content\/uploads\/2021\/02\/Pravilnik-HCK-u-kriznim-situacijama.pdf\" target=\"_blank\" rel=\"noreferrer noopener\"><span style=\"vertical-align: inherit;\"><span style=\"vertical-align: inherit;\"><span style=\"vertical-align: inherit;\"><span style=\"vertical-align: inherit;\"><span style=\"vertical-align: inherit;\"><span style=\"vertical-align: inherit;\"><span style=\"vertical-align: inherit;\"><span style=\"vertical-align: inherit;\">Pravilnik-HCK-u-kriznim-situacijama<\/span><\/span><\/span><\/span><\/span><\/span><\/span><\/span><\/a><\/p>\n<p><\/div>\n<div class=\"wp-block-file aligncenter\"><a href=\"https:\/\/www.crvenikrizbuje.hr\/wp-content\/uploads\/2021\/02\/OPERATIVNI-PLAN-PO-DJELATNOSTIMA-DCKIZ.pdf\" target=\"_blank\" rel=\"noreferrer noopener\"><span style=\"vertical-align: inherit;\"><span style=\"vertical-align: inherit;\"><span style=\"vertical-align: inherit;\"><span style=\"vertical-align: inherit;\"><span style=\"vertical-align: inherit;\"><span style=\"vertical-align: inherit;\"><span style=\"vertical-align: inherit;\"><span style=\"vertical-align: inherit;\">OPERATIVNI-PLAN-PO-DJELATNOSTIMA-DCKIZ<\/span><\/span><\/span><\/span><\/span><\/span><\/span><\/span><\/a><\/div>\n<p>&nbsp;<\/p>\n<p class=\"has-text-align-center\"><strong><span style=\"vertical-align: inherit;\"><span style=\"vertical-align: inherit;\"><span style=\"vertical-align: inherit;\"><span style=\"vertical-align: inherit;\"><span style=\"vertical-align: inherit;\"><span style=\"vertical-align: inherit;\"><span style=\"vertical-align: inherit;\"><span style=\"vertical-align: inherit;\">Interni pravilnici i Odluke GDCK Buje<\/span><\/span><\/span><\/span><\/span><\/span><\/span><\/span><\/strong><\/p>\n\n<p class=\"has-text-align-center\"><\/p>\n\n<div class=\"wp-block-file aligncenter\"><a href=\"https:\/\/www.crvenikrizbuje.hr\/wp-content\/uploads\/2021\/02\/PRAVILNIK-O-UREDSKOM-POSLOVANJU.pdf\" target=\"_blank\" rel=\"noreferrer noopener\"><span style=\"vertical-align: inherit;\"><span style=\"vertical-align: inherit;\"><span style=\"vertical-align: inherit;\"><span style=\"vertical-align: inherit;\"><span style=\"vertical-align: inherit;\"><span style=\"vertical-align: inherit;\"><span style=\"vertical-align: inherit;\"><span style=\"vertical-align: inherit;\">PRAVILNIK-O-UREDSKOM-POSLOVANJU<\/span><\/span><\/span><\/span><\/span><\/span><\/span><\/span><\/a><\/div>\n<p class=\"has-text-align-center\"><\/p>\n\n<div class=\"wp-block-file aligncenter\"><a href=\"http:\/\/www.crvenikrizbuje.hr\/wp-content\/uploads\/2025\/04\/Pravilnik-o-provedbi-postupka-jednostavne-nabave-u-GDCK-Buje.pdf\" target=\"_blank\" rel=\"noreferrer noopener\"><span style=\"vertical-align: inherit;\"><span style=\"vertical-align: inherit;\"><span style=\"vertical-align: inherit;\"><span style=\"vertical-align: inherit;\"><span style=\"vertical-align: inherit;\"><span style=\"vertical-align: inherit;\"><span style=\"vertical-align: inherit;\"><span style=\"vertical-align: inherit;\">PRAVILNIK-O-POSTUPKU-JEDNOSTAVNE-NABAVE<\/span><\/span><\/span><\/span><\/span><\/span><\/span><\/span><\/a><\/div>\n<p class=\"has-text-align-center\"><\/p>\n\n<div class=\"wp-block-file aligncenter\"><a href=\"http:\/\/www.crvenikrizbuje.hr\/wp-content\/uploads\/2025\/04\/Pravilnik-o-provedbi-postupka-jednostavne-nabave-u-GDCK-Buje.pdf\" target=\"_blank\" rel=\"noreferrer noopener\"><span style=\"vertical-align: inherit;\"><span style=\"vertical-align: inherit;\"><span style=\"vertical-align: inherit;\"><span style=\"vertical-align: inherit;\"><span style=\"vertical-align: inherit;\"><span style=\"vertical-align: inherit;\"><span style=\"vertical-align: inherit;\"><span style=\"vertical-align: inherit;\">PRAVILNIK-O-NACINU-KORISTENJA-ZNAKA-CRVENOG-KRIZA<\/span><\/span><\/span><\/span><\/span><\/span><\/span><\/span><\/a><\/div>\n<p class=\"has-text-align-center\"><\/p>\n\n<div class=\"wp-block-file aligncenter\"><a href=\"https:\/\/www.crvenikrizbuje.hr\/wp-content\/uploads\/2021\/02\/Pravilnik-o-video-nadzoru-GDCK-Buje.pdf\" target=\"_blank\" rel=\"noreferrer noopener\"><span style=\"vertical-align: inherit;\"><span style=\"vertical-align: inherit;\"><span style=\"vertical-align: inherit;\"><span style=\"vertical-align: inherit;\"><span style=\"vertical-align: inherit;\"><span style=\"vertical-align: inherit;\"><span style=\"vertical-align: inherit;\"><span style=\"vertical-align: inherit;\">Pravilnik-o-video-nadzoru-GDCK-Buje<\/span><\/span><\/span><\/span><\/span><\/span><\/span><\/span><\/a><\/div>\n<p class=\"has-text-align-center\"><\/p>\n\n<div class=\"wp-block-file aligncenter\"><a href=\"https:\/\/www.crvenikrizbuje.hr\/wp-content\/uploads\/2021\/02\/Pravilnik-o-koristenju-vozila-mobilnih-telefona-i-informaticke-opreme-GDCK-Buje.pdf\" target=\"_blank\" rel=\"noreferrer noopener\"><span style=\"vertical-align: inherit;\"><span style=\"vertical-align: inherit;\"><span style=\"vertical-align: inherit;\"><span style=\"vertical-align: inherit;\"><span style=\"vertical-align: inherit;\"><span style=\"vertical-align: inherit;\"><span style=\"vertical-align: inherit;\"><span style=\"vertical-align: inherit;\">Pravilnik-o-koristenju-vozila-mobilnih-telefona-i-informati\u010dke-opreme-GDCK-Buje<\/span><\/span><\/span><\/span><\/span><\/span><\/span><\/span><\/a><\/div>\n<p class=\"has-text-align-center\"><\/p>\n\n<div class=\"wp-block-file aligncenter\"><a href=\"https:\/\/www.crvenikrizbuje.hr\/wp-content\/uploads\/2021\/02\/Pravilnik-o-radu-GDCK-Buje-2019.pdf\" target=\"_blank\" rel=\"noreferrer noopener\"><span style=\"vertical-align: inherit;\"><span style=\"vertical-align: inherit;\"><span style=\"vertical-align: inherit;\"><span style=\"vertical-align: inherit;\"><span style=\"vertical-align: inherit;\"><span style=\"vertical-align: inherit;\"><span style=\"vertical-align: inherit;\"><span style=\"vertical-align: inherit;\">Pravilnik-o-radu-GDCK-Buje-2019<\/span><\/span><\/span><\/span><\/span><\/span><\/span><\/span><\/a><\/div>\n<p class=\"has-text-align-center\"><\/p>\n\n<div class=\"wp-block-file aligncenter\"><a href=\"https:\/\/www.crvenikrizbuje.hr\/wp-content\/uploads\/2021\/02\/Odluka-o-blagajnickom-poslovanju-i-visini-blagajnickog-maksimuma-GDCK-Buje.pdf\" target=\"_blank\" rel=\"noreferrer noopener\"><span style=\"vertical-align: inherit;\"><span style=\"vertical-align: inherit;\"><span style=\"vertical-align: inherit;\"><span style=\"vertical-align: inherit;\"><span style=\"vertical-align: inherit;\"><span style=\"vertical-align: inherit;\"><span style=\"vertical-align: inherit;\"><span style=\"vertical-align: inherit;\">Odluka-o-blagajnickom-poslovanju-i-visini-blagajnickog-maksimuma-GDCK-Buje<\/span><\/span><\/span><\/span><\/span><\/span><\/span><\/span><\/a><\/div>\n<p class=\"has-text-align-center\"><\/p>\n\n<p>&nbsp;<\/p>\n<p>[\/vc_column_text][\/vc_column][\/vc_row]<\/p>\n<\/div>","protected":false},"excerpt":{"rendered":"<p>[vc_row][vc_column][vc_column_text] &nbsp; Zakon o Hrvatskom Crvenom kri\u017eu\u00a0 donio je Hrvatski sabor 28. svibnja 2010. godine, a objavljen je u NN71\/2010. Statut Hrvatskog Crvenog kri\u017ea \u00a0temeljni je akt za rad i<\/p>\n","protected":false},"author":1,"featured_media":0,"parent":0,"menu_order":0,"comment_status":"closed","ping_status":"closed","template":"","meta":{"_monsterinsights_skip_tracking":false,"_monsterinsights_sitenote_active":false,"_monsterinsights_sitenote_note":"","_monsterinsights_sitenote_category":0,"footnotes":""},"class_list":["post-514","page","type-page","status-publish","hentry"],"_links":{"self":[{"href":"https:\/\/www.crvenikrizbuje.hr\/index.php?rest_route=\/wp\/v2\/pages\/514","targetHints":{"allow":["GET"]}}],"collection":[{"href":"https:\/\/www.crvenikrizbuje.hr\/index.php?rest_route=\/wp\/v2\/pages"}],"about":[{"href":"https:\/\/www.crvenikrizbuje.hr\/index.php?rest_route=\/wp\/v2\/types\/page"}],"author":[{"embeddable":true,"href":"https:\/\/www.crvenikrizbuje.hr\/index.php?rest_route=\/wp\/v2\/users\/1"}],"replies":[{"embeddable":true,"href":"https:\/\/www.crvenikrizbuje.hr\/index.php?rest_route=%2Fwp%2Fv2%2Fcomments&post=514"}],"version-history":[{"count":8,"href":"https:\/\/www.crvenikrizbuje.hr\/index.php?rest_route=\/wp\/v2\/pages\/514\/revisions"}],"predecessor-version":[{"id":2588,"href":"https:\/\/www.crvenikrizbuje.hr\/index.php?rest_route=\/wp\/v2\/pages\/514\/revisions\/2588"}],"wp:attachment":[{"href":"https:\/\/www.crvenikrizbuje.hr\/index.php?rest_route=%2Fwp%2Fv2%2Fmedia&parent=514"}],"curies":[{"name":"wp","href":"https:\/\/api.w.org\/{rel}","templated":true}]}}