{"id":526,"date":"2020-02-13T13:42:58","date_gmt":"2020-02-13T13:42:58","guid":{"rendered":"http:\/\/www.crvenikrizbuje.hr\/?page_id=526"},"modified":"2021-02-03T07:42:54","modified_gmt":"2021-02-03T07:42:54","slug":"zastita-osobnih-podataka","status":"publish","type":"page","link":"https:\/\/www.crvenikrizbuje.hr\/?page_id=526","title":{"rendered":"ZA\u0160TITA OSOBNIH PODATAKA"},"content":{"rendered":"\n<h2 class=\"wp-block-heading\"><strong>Zakon o za\u0161titi osobnih podataka<\/strong><\/h2>\n\n\n\n<p>Za\u0161tita osobnih podataka o fizi\u010dkim osobama te nadzor nad prikupljanjem, obradom i kori\u0161tenjem osobnih podataka u Republici Hrvatskoj ure\u0111ena je Zakonom o za\u0161titi osobnih podataka ( NN 103\/03, 118\/06, 41\/08, 130\/11, 106\/12).<\/p>\n\n\n\n<p>Na temelju \u010dlanka 18a. Zakona o za\u0161titi osobnih podataka, Gradsko dru\u0161tvo Crvenog kri\u017ea Buje imenovalo je slu\u017ebenika za za\u0161titu osobnih podataka.<\/p>\n\n\n\n<p>Slu\u017ebenik za za\u0161titu osobnih podataka vodi brigu o zakonitosti obrade osobnih podataka i ostvarivanju prava na za\u0161titu osobnih podataka.<\/p>\n\n\n\n<p>Gradsko dru\u0161tvo Crvenog kri\u017ea Buje, osim zbirki osobnih podataka koje vodi na temelju propisa iz podru\u010dja radnog prava, vodi zbirke osobnih podataka svojih korisnika\/\u010dlanova i vanjskih suradnika temeljem Zakona o za\u0161titi osobnih podataka i Zakona o Hrvatskom Crvenom kri\u017eu.<\/p>\n\n\n\n<p>Slu\u017ebeni kontakt podaci slu\u017ebenika za za\u0161titu osobnih podataka su:&nbsp;<\/p>\n\n\n\n<p><strong>Gradsko dru\u0161tvo Crvenog kri\u017ea Buje<\/strong>&nbsp;:<\/p>\n\n\n\n<p>Adresa:&nbsp;1. svibnja 9&nbsp;&nbsp;,&nbsp;52460 Buje,&nbsp;<\/p>\n\n\n\n<p>e-mail: info@crvenikrizbuje.hr,<\/p>\n\n\n\n<p>telefon broj:&nbsp;052-772\/446,<\/p>\n\n\n\n<p>telefax broj:&nbsp;052-772\/446 &nbsp; &nbsp; &nbsp; &nbsp;<\/p>\n\n\n\n<p><strong>Djelokrug rada slu\u017ebenika&nbsp;<\/strong><\/p>\n\n\n\n<p><strong>Slu\u017ebenik&nbsp;za za\u0161titu osobnih podataka obavlja sljede\u0107e du\u017enosti<\/strong>:<\/p>\n\n\n\n<ul class=\"wp-block-list\"><li>vodi brigu o zakonitosti obrade osobnih podataka u smislu po\u0161tivanja odredbi Zakona o za\u0161titi osobnih podataka i ostalih propisa koji ure\u0111uju pitanja obrade osobnih podataka,<\/li><\/ul>\n\n\n\n<ul class=\"wp-block-list\"><li>upozorava voditelja zbirke osobnih podataka na nu\u017enost primjene propisa o za\u0161titi osobnih podataka u slu\u010dajevima planiranja i radnji koje mogu imati utjecaj na pitanja privatnosti i za\u0161titu osobnih podataka,<\/li><\/ul>\n\n\n\n<ul class=\"wp-block-list\"><li>upoznaje sve osobe zaposlene u obradi osobnih podataka s njihovim zakonskim obvezama u svrhu za\u0161tite osobnih podataka,<\/li><\/ul>\n\n\n\n<ul class=\"wp-block-list\"><li>brine o izvr\u0161avanju obveza iz \u010dlanka 14. i 17. Zakona o za\u0161titi osobnih podataka,<\/li><\/ul>\n\n\n\n<ul class=\"wp-block-list\"><li>omogu\u0107ava ostvarivanje prava ispitanika iz \u010dlanka 19. i 20. Zakona o za\u0161titi osobnih podataka,<\/li><\/ul>\n\n\n\n<div class=\"wp-block-file aligncenter\"><a href=\"https:\/\/www.crvenikrizbuje.hr\/wp-content\/uploads\/2021\/02\/Zakon_o_zastiti_podataka.pdf\" target=\"_blank\" rel=\"noreferrer noopener\">Zakon_o_zastiti_podataka<\/a><\/div>\n","protected":false},"excerpt":{"rendered":"<p>Zakon o za\u0161titi osobnih podataka Za\u0161tita osobnih podataka o fizi\u010dkim osobama te nadzor nad prikupljanjem, obradom i kori\u0161tenjem osobnih podataka u Republici Hrvatskoj ure\u0111ena je Zakonom o za\u0161titi osobnih podataka<\/p>\n","protected":false},"author":1,"featured_media":0,"parent":0,"menu_order":0,"comment_status":"closed","ping_status":"closed","template":"","meta":{"_monsterinsights_skip_tracking":false,"_monsterinsights_sitenote_active":false,"_monsterinsights_sitenote_note":"","_monsterinsights_sitenote_category":0,"footnotes":""},"class_list":["post-526","page","type-page","status-publish","hentry"],"_links":{"self":[{"href":"https:\/\/www.crvenikrizbuje.hr\/index.php?rest_route=\/wp\/v2\/pages\/526","targetHints":{"allow":["GET"]}}],"collection":[{"href":"https:\/\/www.crvenikrizbuje.hr\/index.php?rest_route=\/wp\/v2\/pages"}],"about":[{"href":"https:\/\/www.crvenikrizbuje.hr\/index.php?rest_route=\/wp\/v2\/types\/page"}],"author":[{"embeddable":true,"href":"https:\/\/www.crvenikrizbuje.hr\/index.php?rest_route=\/wp\/v2\/users\/1"}],"replies":[{"embeddable":true,"href":"https:\/\/www.crvenikrizbuje.hr\/index.php?rest_route=%2Fwp%2Fv2%2Fcomments&post=526"}],"version-history":[{"count":0,"href":"https:\/\/www.crvenikrizbuje.hr\/index.php?rest_route=\/wp\/v2\/pages\/526\/revisions"}],"wp:attachment":[{"href":"https:\/\/www.crvenikrizbuje.hr\/index.php?rest_route=%2Fwp%2Fv2%2Fmedia&parent=526"}],"curies":[{"name":"wp","href":"https:\/\/api.w.org\/{rel}","templated":true}]}}