{"id":531,"date":"2020-02-13T13:49:33","date_gmt":"2020-02-13T13:49:33","guid":{"rendered":"http:\/\/www.crvenikrizbuje.hr\/?page_id=531"},"modified":"2020-02-14T15:02:59","modified_gmt":"2020-02-14T15:02:59","slug":"crtice-iz-povijesti","status":"publish","type":"page","link":"https:\/\/www.crvenikrizbuje.hr\/?page_id=531","title":{"rendered":"CRTICE IZ POVIJESTI"},"content":{"rendered":"\n<p><strong> Godine 1878. u Zadru, Dubrovniku i Zagrebu osnovane su prve dobrovoljne udruge u Hrvatskoj koje su svoje djelovanje provodile u skladu s me\u0111unarodno prihva\u0107enim odlukama iz 1863. godine. Zadarska &#8220;Ustanova domoljubne zadruge dalmatinske od Gospodja na potporu ranjenim i bolesnim vojnicima&#8221; 22. listopada 1878. godine prva dobiva suglasnost tada\u0161njih vlasti za svoje humanitarno djelovanje.<\/strong><\/p>\n\n\n\n<p>Od 1878. do 1918. godine Crveni kri\u017e u Hrvatskoj djeluje u sklopu Crvenog kri\u017ea Austrougarske monarhije, a od 1918. do 1941. godine Crveni kri\u017e u Hrvatskoj djeluje u sklopu Crvenog kri\u017ea Kraljevine Srba, Hrvata i Slovenaca te kasnije Kraljevine Jugoslavije.<\/p>\n\n\n\n<p><\/p>\n\n\n\n<div class=\"wp-block-image\"><figure class=\"aligncenter is-resized\"><img loading=\"lazy\" decoding=\"async\" src=\"https:\/\/www.hck.hr\/UserDocsImages\/slike\/TKO%20SMO\/Povijest%20HCK\/Crveni-kriz.jpg\" alt=\"\" width=\"748\" height=\"546\"\/><\/figure><\/div>\n\n\n\n<p>Hrvatski Crveni kri\u017e od 1941. do 1945. godine djeluje kao samostalno dru\u0161tvo u ratnim uvjetima, ali bez me\u0111unarodnog priznanja tog statusa. Vremensko razdoblje od 1945. do 1991. godine obilje\u017eeno je djelovanjem Crvenoga kri\u017ea u Hrvatskoj kao republi\u010dkog dru\u0161tva Crvenog kri\u017ea unutar Crvenog kri\u017ea Jugoslavije.<br><\/p>\n\n\n\n<h2 class=\"wp-block-heading\"><strong>Klju\u010dna 1991. godina<\/strong><\/h2>\n\n\n\n<p>Prijelomni trenutak doga\u0111a se 10. listopada 1991. godine kada je donesena odluka o istupanju Crvenog kri\u017ea Hrvatske iz sastava Crvenog kri\u017ea Jugoslavije te od tada pod nazivom Hrvatski Crveni kri\u017e djeluje kao samostalno nacionalno dru\u0161tvo Crvenog kri\u017ea Republike Hrvatske sa Sredi\u0161njim uredom u Zagrebu i s dru\u0161tvima Crvenog kri\u017ea u op\u0107inama, gradovima i \u017eupanijama.<br><br>Dva mjeseca kasnije, to\u010dnije 19. prosinca 1991. godine, Sabor Republike Hrvatske usvojio je Zakon o Hrvatskom Crvenom kri\u017eu kojim potvr\u0111uje Hrvatski Crveni kri\u017e kao Nacionalno dru\u0161tvo Crvenog kri\u017ea Republike Hrvatske, a Zastupni\u010dki dom Sabora Republike Hrvatske 13. kolovoza 1993. godine usvojio je Zakon o za\u0161titi znaka i naziva Crvenog kri\u017ea. Godine 2001. donesen je novi Zakon o Hrvatskom Crvenom kri\u017eu. 2010. godine Hrvatski sabor usvojio je novi Zakon o Hrvatskom Crvenom kri\u017eu koji je objedinio i Zakon o za\u0161titi znaka i naziva Crvenog kri\u017ea te je i danas va\u017ee\u0107i.<br><br>Na temelju Zakona o Hrvatskom Crvenom kri\u017eu iz 1991. godine, 29. travnja 1992. godine donesen je Statut Hrvatskog Crvenog kri\u017ea koji je bio na snazi sve do dono\u0161enja novog 2011. godine. Trenutno je va\u017ee\u0107i Statut Hrvatskog Crvenog kri\u017ea koji je donesen 2016. godine.<br>&nbsp;<\/p>\n\n\n\n<h2 class=\"wp-block-heading\"><strong>Priznanja za djelovanje HCK na podru\u010dju RH<\/strong><\/h2>\n\n\n\n<p>Za HCK iznimno va\u017ean datum je 25. kolovoza 1993. godine kada je Me\u0111unarodni odbor Crvenog kri\u017ea priznao Hrvatski Crveni kri\u017e kao nacionalno dru\u0161tvo, \u010dime je Hrvatski Crveni kri\u017e postao 158. \u010dlan Me\u0111unarodnog pokreta Crvenog kri\u017ea i Crvenog polumjeseca. Od 25. listopada iste godine Hrvatski Crveni kri\u017e \u010dlan je Me\u0111unarodne federacija dru\u0161tava Crvenog kri\u017ea i Crvenog polumjeseca.<\/p>\n\n\n\n<p>U povodu 120 godina djelovanja, 15. listopada 1998. godine, Predsjednik RH dodjeljuje Hrvatskom Crvenom kri\u017eu Povelju Republike Hrvatske. Deset godina kasnije, Hrvatski sabor 2008. godinu proglasio je &nbsp;\u201eGodinom Hrvatskog Crvenog kri\u017ea u Republici Hrvatskoj\u201c, a u povodu 130 godina djelovanja i petnaest godina me\u0111unarodnog priznanja Hrvatskog Crvenog kri\u017ea kao samostalnog nacionalnog dru\u0161tva. Povodom 130. obljetnice, Predsjednik RH Hrvatskom Crvenom kri\u017eu 2013. godine dodijelio je Hrvatsku dr\u017eavnu nagradu.<br><\/p>\n\n\n\n<h2 class=\"wp-block-heading\"><strong>Domovinski rat<\/strong><\/h2>\n\n\n\n<p>Uloga Hrvatskog Crvenog kri\u017ea u Domovinskom ratu bila je nemjerljivo velika. Oko 600.000 korisnika primalo je humanitarnu pomo\u0107 Hrvatskog Crvenog kri\u017ea. Najve\u0107a pomo\u0107 podijeljena je 1992. godine kada ju je primilo vi\u0161e od 750.000 korisnika. &nbsp;<\/p>\n\n\n\n<p><\/p>\n\n\n\n<div class=\"wp-block-image\"><figure class=\"aligncenter is-resized\"><img loading=\"lazy\" decoding=\"async\" src=\"https:\/\/www.hck.hr\/UserDocsImages\/slike\/TKO%20SMO\/Povijest%20HCK\/Domovinski-rat-Crveni-kriz.jpg\" alt=\"\" width=\"757\" height=\"494\"\/><\/figure><\/div>\n\n\n\n<p>Tijekom Domovinskog rata podijeljeno je vi\u0161e od 332 milijuna kilograma hrane i vi\u0161e od 116 milijuna kilograma ostale robe. Za vi\u0161e od 250.000 prognanih osoba u 284 centra kolektivnog smje\u0161taja osigurana je psihosocijalna podr\u0161ka. Ukupna vrijednost primljene i distribuirane pomo\u0107i u Domovinskom ratu procijenjena je na 4.675.202.473,00 kuna.<\/p>\n\n\n\n<p>Posebno treba istaknuti kako je u tome razdoblju prikupljeno vi\u0161e od milijun doza krvi za pove\u0107ane potrebe zdravstvene slu\u017ebe.<\/p>\n\n\n\n<p>Predan rad HCK prepoznali su i Ujedinjeni narodi pa je tako u izvje\u0161\u0107u glavnog tajnika UN-a o ljudskim pravima u Hrvatskoj za 1995. godinu, istaknut velik doprinos Hrvatskog Crvenog kri\u017ea u provo\u0111enju humanitarnih programa.<br><\/p>\n\n\n\n<h2 class=\"wp-block-heading\"><strong>Doprinos Slu\u017ebe tra\u017eenja u Domovinskom ratu<\/strong><\/h2>\n\n\n\n<p>Nacionalni ured Slu\u017ebe tra\u017eenja Hrvatskog Crvenog kri\u017ea rije\u0161io je vi\u0161e od 16.000 slu\u010dajeva tra\u017eenja nestalih osoba. U postupku su jo\u0161 1653 zahtjeva za tra\u017eenje osoba nestalih tijekom Domovinskog rata i 404 zahtjeva za tra\u017eenje posmrtnih ostataka (na dan 31.08.2017.)<\/p>\n\n\n\n<p>Proslije\u0111eno je vi\u0161e od 1.500.000 obiteljskih poruka \u010dlanovima razdvojenih obitelji, Slu\u017eba tra\u017eenja sudjelovala je i u zbrinjavanju vi\u0161e od 7.000 ratnih zarobljenika prilikom razmjena.<\/p>\n\n\n\n<p><\/p>\n\n\n\n<div class=\"wp-block-image\"><figure class=\"aligncenter is-resized\"><img loading=\"lazy\" decoding=\"async\" src=\"https:\/\/www.hck.hr\/UserDocsImages\/slike\/TKO%20SMO\/Povijest%20HCK\/Domovinski-rat-Crveni-kriz-nestali.jpg\" alt=\"\" width=\"813\" height=\"536\"\/><\/figure><\/div>\n\n\n\n<p>Organizirana su 174 susreta na kojima se susrelo vi\u0161e od 23.000 razdvojenih \u010dlanova obitelji, \u0161to su Ujedinjeni narodi ocijenili kao zna\u010dajan doprinos Hrvatskog Crvenog kri\u017ea mirnoj reintegraciji hrvatskog Podunavlja.<\/p>\n\n\n\n<p><strong>U okviru Nacionalnog programa identifikacije \u017ertava Domovinskog rata Nacionalni ured Slu\u017ebe tra\u017eenja neposredno je sudjelovao pri ekshumacijama posmrtnih ostataka, izvijestio je 7.664 obitelji o pristupanju identifikaciji posmrtnih ostataka, uzimanju uzoraka krvi te prepoznavanju osobnih i drugih predmeta prona\u0111enih uz posmrtne ostatke.<\/strong> <\/p>\n","protected":false},"excerpt":{"rendered":"<p>Godine 1878. u Zadru, Dubrovniku i Zagrebu osnovane su prve dobrovoljne udruge u Hrvatskoj koje su svoje djelovanje provodile u skladu s me\u0111unarodno prihva\u0107enim odlukama iz 1863. godine. Zadarska &#8220;Ustanova<\/p>\n","protected":false},"author":1,"featured_media":0,"parent":0,"menu_order":0,"comment_status":"closed","ping_status":"closed","template":"","meta":{"_monsterinsights_skip_tracking":false,"_monsterinsights_sitenote_active":false,"_monsterinsights_sitenote_note":"","_monsterinsights_sitenote_category":0,"footnotes":""},"class_list":["post-531","page","type-page","status-publish","hentry"],"_links":{"self":[{"href":"https:\/\/www.crvenikrizbuje.hr\/index.php?rest_route=\/wp\/v2\/pages\/531","targetHints":{"allow":["GET"]}}],"collection":[{"href":"https:\/\/www.crvenikrizbuje.hr\/index.php?rest_route=\/wp\/v2\/pages"}],"about":[{"href":"https:\/\/www.crvenikrizbuje.hr\/index.php?rest_route=\/wp\/v2\/types\/page"}],"author":[{"embeddable":true,"href":"https:\/\/www.crvenikrizbuje.hr\/index.php?rest_route=\/wp\/v2\/users\/1"}],"replies":[{"embeddable":true,"href":"https:\/\/www.crvenikrizbuje.hr\/index.php?rest_route=%2Fwp%2Fv2%2Fcomments&post=531"}],"version-history":[{"count":0,"href":"https:\/\/www.crvenikrizbuje.hr\/index.php?rest_route=\/wp\/v2\/pages\/531\/revisions"}],"wp:attachment":[{"href":"https:\/\/www.crvenikrizbuje.hr\/index.php?rest_route=%2Fwp%2Fv2%2Fmedia&parent=531"}],"curies":[{"name":"wp","href":"https:\/\/api.w.org\/{rel}","templated":true}]}}