{"id":536,"date":"2020-02-13T14:05:49","date_gmt":"2020-02-13T14:05:49","guid":{"rendered":"http:\/\/www.crvenikrizbuje.hr\/?page_id=536"},"modified":"2020-03-03T18:52:52","modified_gmt":"2020-03-03T18:52:52","slug":"prva-pomoc","status":"publish","type":"page","link":"https:\/\/www.crvenikrizbuje.hr\/?page_id=536","title":{"rendered":"PRVA POMO\u0106"},"content":{"rendered":"\n<p> <strong>Prva pomo\u0107 tradicionalna je djelatnost  Crvenog kri\u017ea. Hrvatski Crveni kri\u017e oblikuje doktrinu prve pomo\u0107i, brine se o njezinom unapre\u0111enju i uskla\u0111ivanju s europskim smjernicama te primjeni u svim programima edukacije na podru\u010dju Republike Hrvatske.<\/strong><\/p>\n\n\n\n<p>Usto,  Crveni kri\u017e sudjeluje u provedbi nacionalnog programa prve pomo\u0107i za gra\u0111ane, obavlja osposobljavanje i obnovu znanja volontera  Crvenog kri\u017ea i gra\u0111ana za pru\u017eanje prve pomo\u0107i kod ozljeda i nesre\u0107a koje se mogu dogoditi u svakodnevnom \u017eivotu.<\/p>\n\n\n\n<div class=\"wp-block-image\"><figure class=\"aligncenter size-large\"><img loading=\"lazy\" decoding=\"async\" width=\"914\" height=\"612\" src=\"http:\/\/www.crvenikrizbuje.hr\/wp-content\/uploads\/2020\/02\/CKBB.jpg\" alt=\"\" class=\"wp-image-599\" srcset=\"https:\/\/www.crvenikrizbuje.hr\/wp-content\/uploads\/2020\/02\/CKBB.jpg 914w, https:\/\/www.crvenikrizbuje.hr\/wp-content\/uploads\/2020\/02\/CKBB-300x201.jpg 300w, https:\/\/www.crvenikrizbuje.hr\/wp-content\/uploads\/2020\/02\/CKBB-768x514.jpg 768w\" sizes=\"auto, (max-width: 914px) 100vw, 914px\" \/><\/figure><\/div>\n\n\n\n<h2 class=\"wp-block-heading\">\u0160to je prva pomo\u0107?<\/h2>\n\n\n\n<p>Prva pomo\u0107 je skup postupaka kojima poma\u017eemo ozlije\u0111enoj ili naglo oboljeloj osobi do dolaska stru\u010dne medicinske pomo\u0107i. Prva pomo\u0107 podrazumijeva zbrinjavanje tjelesnih ozljeda i stanja, ali i pru\u017eanje psiholo\u0161ke podr\u0161ke emocionalno potresenim osobama koje su prisustvovale ili svjedo\u010dile traumati\u010dnom doga\u0111aju. Intervencijama prve pomo\u0107i nastojimo sa\u010duvati \u017eivot, ubla\u017eiti patnju, sprije\u010diti daljnje bolesti ili ozljede i ubrzati oporavak.<\/p>\n\n\n\n<p>Pru\u017eatelj prve pomo\u0107i je osoba koja poduzima odre\u0111ene postupke radi pomo\u0107i ozlije\u0111enoj ili naglo oboljeloj osobi&nbsp; paze\u0107i&nbsp; pritom na svoju sigurnost i sigurnost svih sudionika, ne izazivaju\u0107i dodatnu \u0161tetu. Ciljevi prve pomo\u0107i su: spa\u0161avanje \u017eivota, sprje\u010davanje nastanka komplikacija i invaliditeta te skra\u0107ivanje vremena lije\u010denja i oporavka.Prva pomo\u0107 jedna je od temeljnih djelatnosti Me\u0111unarodne Federacije Crvenog kri\u017ea i Crvenog polumjeseca te je klju\u010dna za identitet Pokreta Crvenog kri\u017ea \u0161irom svijeta, ve\u0107 vi\u0161e od 150 godina.<\/p>\n\n\n\n<h2 class=\"wp-block-heading\">U edukaciji prve pomo\u0107i sudjeluje vi\u0161e od 45 tisu\u0107a gra\u0111ana<\/h2>\n\n\n\n<p>Crveni kri\u017e sudjeluje u programu osposobljavanja pripadnika spasila\u010dkih ekipa, pripadnika vatrogasnih postrojbi, policije i drugih. Organizira i provodi osposobljavanje te stru\u010dno usavr\u0161avanje i provjeru znanja instruktora, predava\u010da i ispitiva\u010da prve pomo\u0107i iz nastavnog predmeta \u201ePru\u017eanje prve pomo\u0107i osobama ozlije\u0111enim u prometnoj nesre\u0107i\u201c. Sudjeluje u provedbi programa prve pomo\u0107i za kandidate za voza\u010de motornih vozila i provodi osposobljavanje i obnovu znanja radnika za pru\u017eanje prve pomo\u0107i na radu.<br><br>Vi\u0161e od 45 tisu\u0107a gra\u0111ana godi\u0161nje uklju\u010deno je u edukacije prve pomo\u0107i koje provodi  Crveni kri\u017e. U sklopu edukativnih programa  Crveni kri\u017e objavio je i mobilnu aplikaciju Prva pomo\u0107 koju svi zainteresirani mogu koristiti kao podsjetnik na nau\u010dena znanja i vje\u0161tine.<\/p>\n\n\n\n<h2 class=\"wp-block-heading\"><br>Pomo\u0107 u izgradnji sigurnijih i zdravijih zajednica<\/h2>\n\n\n\n<p>Kontinuiranom edukacijom Crveni kri\u017e nastoji osposobiti \u0161to ve\u0107i broj gra\u0111ana za pru\u017eanje prve pomo\u0107i u svim situacijama nastanka ozljeda i naglo nastupaju\u0107ih bolesti. Poticanjem svakog pojedinca na pomo\u0107 i samopomo\u0107 Crveni kri\u017e poma\u017ee u izgradnji sigurnijih i zdravijih zajednica.<\/p>\n\n\n\n<p>Osposobljavanje za pru\u017eanje prve pomo\u0107i Crveni kri\u017e provodi izravno, a u skladu sa Zakonom o Hrvatskom Crvenom kri\u017eu.<\/p>\n\n\n\n<div class=\"wp-block-image\"><figure class=\"aligncenter size-large\"><img loading=\"lazy\" decoding=\"async\" width=\"960\" height=\"638\" src=\"http:\/\/www.crvenikrizbuje.hr\/wp-content\/uploads\/2020\/02\/2ed5f7_09fad86ac95c4842b789cdf19c71bd83.jpg\" alt=\"\" class=\"wp-image-600\" srcset=\"https:\/\/www.crvenikrizbuje.hr\/wp-content\/uploads\/2020\/02\/2ed5f7_09fad86ac95c4842b789cdf19c71bd83.jpg 960w, https:\/\/www.crvenikrizbuje.hr\/wp-content\/uploads\/2020\/02\/2ed5f7_09fad86ac95c4842b789cdf19c71bd83-300x199.jpg 300w, https:\/\/www.crvenikrizbuje.hr\/wp-content\/uploads\/2020\/02\/2ed5f7_09fad86ac95c4842b789cdf19c71bd83-768x510.jpg 768w\" sizes=\"auto, (max-width: 960px) 100vw, 960px\" \/><\/figure><\/div>\n\n\n\n<h2 class=\"wp-block-heading\">Svjetski dan prve pomo\u0107i<\/h2>\n\n\n\n<p>Svjetski dan prve pomo\u0107i obilje\u017eava se svake godine druge subote u rujnu. Obilje\u017eavanje Svjetskog dana prve pomo\u0107i prilika je za isticanje va\u017enosti prve pomo\u0107i na globalnoj razini kao humanog \u010dina.<\/p>\n\n\n\n<p>Uklju\u010divanjem \u0161ire javnosti utje\u010de se na promjene u razmi\u0161ljanju o zna\u010daju prve pomo\u0107i u svakodnevnom \u017eivotu. Obilje\u017eavanje Svjetskog dana prve pomo\u0107i zajedni\u010dka je akcija svih dru\u0161tava HCK. Tim povodom organiziraju se razli\u010dite aktivnosti s ciljem popularizacije prve pomo\u0107i i ukazivanja na va\u017enost pravodobne i na pravilan na\u010din pru\u017eene prve pomo\u0107i. <\/p>\n\n\n\n<h2 class=\"wp-block-heading\">Prva pomo\u0107 kao djelatnost koju provodi Crveni kri\u017e Buj\u0161tine\u00a0<\/h2>\n\n\n\n<p>Cilj ove djelatnosti je kontinuiranom edukacijom osposobiti \u0161to ve\u0107i broj gra\u0111ana za pru\u017eanje prve pomo\u0107i u svim situacijama ozljeda i naglo nastupaju\u0107ih bolesti, jer pravodobno i na pravilan na\u010din pru\u017eena prva pomo\u0107 smanjuje trajanje lije\u010denja, spre\u010dava ili ubla\u017eava invalidnost, a nerijetko spa\u0161ava \u017eivot.<br>Hrvatski Crveni kri\u017e sa svojim te\u010dajevima prve pomo\u0107i namijenjenima cjelokupnoj populaciji, ima u Hrvatskoj vode\u0107u ulogu u \u0161irenju znanja i popularizaciji prve pomo\u0107i.<\/p>\n\n\n\n<p>Te\u010dajevi se razlikuju po broju sati trajanja obuke i odabranim temama, ovisno o tome kojoj su populaciji namijenjeni. To omogu\u0107ava svim gra\u0111anima u Hrvatskoj da se u skladu sa svojim interesima i potrebama uklju\u010de u jedan od te\u010dajeva.<\/p>\n\n\n\n<p>U provedbi te\u010dajeva prve pomo\u0107i na cjelovitom podru\u010dju Hrvatske sudjeluje Hrvatski Crveni kri\u017e izravno ili putem dru\u0161tava Crvenog kri\u017ea.<br>Ne znate pru\u017eiti prvu pomo\u0107, a \u017eelite nau\u010diti?<br>\u017delite obnoviti va\u0161e dosada\u0161nje znanje prve pomo\u0107i?<\/p>\n\n\n\n<p>Uklju\u010dite se, u skladu sa svojim interesima i potrebama na jedan od ponu\u0111enih te\u010dajeva prve pomo\u0107i!<br>Vje\u017ebanje prakti\u010dnih postupaka, kojima obiluje prva pomo\u0107, uz stru\u010dnu pomo\u0107 predava\u010da \u2013 instruktora, nezamjenjiv je na\u010din u\u010denja prve pomo\u0107i.<\/p>\n\n\n\n<h3 class=\"wp-block-heading\">Te\u010daj za osposobljavanje predava\u010da prve pomo\u0107i<\/h3>\n\n\n\n<p>1.Te\u010daj za osposobljavanje doktora medicine za predava\u010de iz nastavnog predmeta \u201cPru\u017eanje prve pomo\u0107i osobama ozlije\u0111enim u prometnoj nesre\u0107i\u201d.<br>Te\u010daj je namijenjen doktorima medicine koji imaju sklonosti i \u017eelje podu\u010davati kandidate za voza\u010de u auto-\u0161kolama. Nakon odslu\u0161anog seminara i polo\u017eenog ispita polaznici te\u010daja dobivaju licencu predava\u010da prve pomo\u0107i u auto-\u0161kolama.<br>Osposobljavanja doktora medicine za predava\u010de temelji se na odredbama Zakona o sigurnosti prometa na cestama (NN 105\/2004).<\/p>\n\n\n\n<h3 class=\"wp-block-heading\">Te\u010dajevi za osposobljavanje gra\u0111ana u pru\u017eanju prve pomo\u0107i<\/h3>\n\n\n\n<p><strong>1. Osnovni te\u010daj za osposobljavanje gra\u0111ana u pru\u017eanju prve pomo\u0107i<\/strong><br>Program ovog te\u010daja prve pomo\u0107i Hrvatskog Crvenog kri\u017ea dobio je 2001. godine licencu Europskog referalnog centra za prvu pomo\u0107. Te\u010daj u trajanju od 14 sati namijenjen je svim gra\u0111anima koji \u017eele ste\u0107i znanje prve pomo\u0107i.<\/p>\n\n\n\n<p><strong>2. Te\u010daj za osposobljavanje kandidata za voza\u010de u auto-\u0161kolama<\/strong><br>Te\u010daj se provodi kao sastavni dio osposobljavanja kandidata za voza\u010de u auto-\u0161kolama, u skladu sa Zakonom o sigurnosti prometa na cestama (NN 105\/04), Pravilnikom o osposobljavanju kandidata za voza\u010de na motorni pogon iz nastavnog predmeta pru\u017eanje prve pomo\u0107i osobama ozlije\u0111enim u prometnoj nezgodi (NN 59\/98), te ostalim va\u017ee\u0107im Pravilnicima u trajanju od najmanje 9 nastavnih sati.<\/p>\n\n\n\n<p><strong>3. Te\u010daj za osposobljavanje radnika za pru\u017eanje prve pomo\u0107i na radu<\/strong><br>Provodi se u skladu sa Zakonom o za\u0161titi na radu (NN 59\/96) i Pravilnikom (NN 56\/83).<br>Nakon te\u010daja izdaje se uvjerenje o osposobljenosti radnika za pru\u017eanje prve pomo\u0107i na radu.<\/p>\n\n\n\n<p><strong>4. Obuka prve pomo\u0107i za djecu u osnovnim \u0161kolama i za mlade\u017e u srednjim \u0161kolama<\/strong><br>Trenutno ne postoje standardizirani programi obuke prve pomo\u0107i za djecu i mlade\u017e. Obuka se provodi na razne na\u010dine, a naj\u010de\u0161\u0107e kao dio programa za mlade\u017e.<\/p>\n\n\n\n<p><strong>5. Te\u010daj za osposobljavanje ekipa prve pomo\u0107i za izvr\u0161avanje zada\u0107a u slu\u010daju velikih prirodnih, ekolo\u0161kih i drugih nesre\u0107a, epidemija i oru\u017eanih sukoba<\/strong><\/p>\n\n\n\n<p><strong>6. Te\u010daj prve pomo\u0107i za obnovu znanja<\/strong><br>S vremenom se gubi dio ste\u010denog znanja i vje\u0161tina prve pomo\u0107i.<br>Obnova znanja nu\u017ena je za odr\u017eavanje kvalitete znanja, koja omogu\u0107ava spremno djelovanje u slu\u010daju potrebe.<\/p>\n\n\n\n<p><strong>7. Program prve pomo\u0107i za spasioce na vodi<\/strong><br>Osposobljavanje iz prve pomo\u0107i sastavni je i obavezni dio osposobljavanja spasioca na vodi, Nakon te\u010daja u trajanju od 20 sati pola\u017ee se ispit koji se sastoji od pismenog, usmenog i prakti\u010dnog dijela. Polo\u017eeni ispit iz prve pomo\u0107 je jedan od uvjeta za izdavanje uvjerenja o osposobljenosti za spasioca na vodi. Slu\u017eba spa\u0161avanja<\/p>\n\n\n\n<div class=\"wp-block-image\"><figure class=\"aligncenter size-large\"><img loading=\"lazy\" decoding=\"async\" width=\"1024\" height=\"651\" src=\"http:\/\/www.crvenikrizbuje.hr\/wp-content\/uploads\/2020\/02\/Foto_49460-1024x651.jpg\" alt=\"\" class=\"wp-image-601\" srcset=\"https:\/\/www.crvenikrizbuje.hr\/wp-content\/uploads\/2020\/02\/Foto_49460-1024x651.jpg 1024w, https:\/\/www.crvenikrizbuje.hr\/wp-content\/uploads\/2020\/02\/Foto_49460-300x191.jpg 300w, https:\/\/www.crvenikrizbuje.hr\/wp-content\/uploads\/2020\/02\/Foto_49460-768x488.jpg 768w, https:\/\/www.crvenikrizbuje.hr\/wp-content\/uploads\/2020\/02\/Foto_49460.jpg 1200w\" sizes=\"auto, (max-width: 1024px) 100vw, 1024px\" \/><\/figure><\/div>\n\n\n\n<p>Osposobljavanje iz prve pomo\u0107i sastavni je i obavezni dio osposobljavanja spasioca na vodi, Nakon te\u010daja u trajanju od 20 sati pola\u017ee se ispit koji se sastoji od pismenog, usmenog i prakti\u010dnog dijela. Polo\u017eeni ispit iz prve pomo\u0107 je jedan od uvjeta za izdavanje uvjerenja o osposobljenosti za spasioca na vodi. Slu\u017eba spa\u0161avanja.<\/p>\n\n\n\n<p>Kako je prva pomo\u0107 vje\u0161tina ukoliko ju redovno ne uvje\u017ebavamo s vremenom se gubi dio ste\u010denog znanja i vje\u0161tina prve pomo\u0107i.<\/p>\n\n\n\n<p>Obnova znanja nu\u017ena je za odr\u017eavanje kvalitete znanja, koja omogu\u0107ava spremno djelovanje u slu\u010daju potrebe.<\/p>\n","protected":false},"excerpt":{"rendered":"<p>Prva pomo\u0107 tradicionalna je djelatnost Crvenog kri\u017ea. Hrvatski Crveni kri\u017e oblikuje doktrinu prve pomo\u0107i, brine se o njezinom unapre\u0111enju i uskla\u0111ivanju s europskim smjernicama te primjeni u svim programima edukacije<\/p>\n","protected":false},"author":1,"featured_media":0,"parent":0,"menu_order":0,"comment_status":"closed","ping_status":"closed","template":"","meta":{"_monsterinsights_skip_tracking":false,"_monsterinsights_sitenote_active":false,"_monsterinsights_sitenote_note":"","_monsterinsights_sitenote_category":0,"footnotes":""},"class_list":["post-536","page","type-page","status-publish","hentry"],"_links":{"self":[{"href":"https:\/\/www.crvenikrizbuje.hr\/index.php?rest_route=\/wp\/v2\/pages\/536","targetHints":{"allow":["GET"]}}],"collection":[{"href":"https:\/\/www.crvenikrizbuje.hr\/index.php?rest_route=\/wp\/v2\/pages"}],"about":[{"href":"https:\/\/www.crvenikrizbuje.hr\/index.php?rest_route=\/wp\/v2\/types\/page"}],"author":[{"embeddable":true,"href":"https:\/\/www.crvenikrizbuje.hr\/index.php?rest_route=\/wp\/v2\/users\/1"}],"replies":[{"embeddable":true,"href":"https:\/\/www.crvenikrizbuje.hr\/index.php?rest_route=%2Fwp%2Fv2%2Fcomments&post=536"}],"version-history":[{"count":0,"href":"https:\/\/www.crvenikrizbuje.hr\/index.php?rest_route=\/wp\/v2\/pages\/536\/revisions"}],"wp:attachment":[{"href":"https:\/\/www.crvenikrizbuje.hr\/index.php?rest_route=%2Fwp%2Fv2%2Fmedia&parent=536"}],"curies":[{"name":"wp","href":"https:\/\/api.w.org\/{rel}","templated":true}]}}