{"id":575,"date":"2020-02-14T08:54:39","date_gmt":"2020-02-14T08:54:39","guid":{"rendered":"http:\/\/www.crvenikrizbuje.hr\/?page_id=575"},"modified":"2021-02-11T09:31:52","modified_gmt":"2021-02-11T09:31:52","slug":"rad-s-mladima","status":"publish","type":"page","link":"https:\/\/www.crvenikrizbuje.hr\/?page_id=575","title":{"rendered":"RAD S MLADIMA"},"content":{"rendered":"\n<p><strong>Program rada s Mlade\u017ei Crvenog kri\u017ea Buj\u0161tine namijenjen je svim mladim bilo kao nosiocima ili korisnicima programa. Pojam mladi ljudi odnosi se na \u010dlanove od 7 do 29&nbsp;godina starosti.<\/strong><\/p>\n\n\n\n<p>Prioritet u radu s mladima stvaranje je osnovnih uvjeta za ulazak mladih \u010dlanova u na\u0161e dru\u0161tvo. Kao nositelji humanitarnog odgoja, upoznavanje sa me\u0111unarodnim humanitarnim pravom, te kao nositelji programa prevencije, nastojali smo kod mladih pobuditi pozitivne osje\u0107aje te ih motivirati da se opredijele&nbsp;&nbsp;za nas.\u00b7&nbsp;&nbsp;&nbsp;&nbsp;&nbsp;&nbsp;&nbsp;&nbsp;<\/p>\n\n\n\n<p>Svrha rada s mladima je razvijanje osje\u0107aja humanosti, tolerancije, suosje\u0107anja i razumijevanja me\u0111u mladima. Jedna je od zada\u0107a uklju\u010diti \u0161to ve\u0107i broj mladih u razli\u010dite aktivnosti i programe Crvenog kri\u017ea kako bi im se omogu\u0107ilo kvalitetnije provo\u0111enje slobodnog vremena, stjecanje novih znanja i vje\u0161tina, izgradnja dru\u0161tvenih mre\u017ea i odnosa kao i njihova prirpema za ulazak u svijet odraslih kao ravnopravni pojedinci. Polazi\u0161te za rad s mladima su sedam temeljnih na\u010dela Pokreta Crvenog kri\u017ea koja mogu poslu\u017eiti kao podloga za razvoj zdrave i cjelovite osobnosti. Brojni primjeri dokazuju da su mladi na\u0161a najja\u010da pokreta\u010dka snaga stoga se radu s mladima pridaje posebna pa\u017enja i trud.<\/p>\n\n\n\n<div class=\"wp-block-image\"><figure class=\"aligncenter size-large\"><img loading=\"lazy\" decoding=\"async\" width=\"960\" height=\"426\" src=\"http:\/\/www.crvenikrizbuje.hr\/wp-content\/uploads\/2020\/02\/Crveni-kri\u017e-Buje-natjecanje.jpg\" alt=\"\" class=\"wp-image-577\" srcset=\"https:\/\/www.crvenikrizbuje.hr\/wp-content\/uploads\/2020\/02\/Crveni-kri\u017e-Buje-natjecanje.jpg 960w, https:\/\/www.crvenikrizbuje.hr\/wp-content\/uploads\/2020\/02\/Crveni-kri\u017e-Buje-natjecanje-300x133.jpg 300w, https:\/\/www.crvenikrizbuje.hr\/wp-content\/uploads\/2020\/02\/Crveni-kri\u017e-Buje-natjecanje-768x341.jpg 768w\" sizes=\"auto, (max-width: 960px) 100vw, 960px\" \/><\/figure><\/div>\n\n\n\n<p><strong>S tim u svezi organiziramo i provodimo.<\/strong><\/p>\n\n\n\n<p><strong>Odgoj za humanost<\/strong>&nbsp;&#8211; kod mladih \u010dlanova razvija se osje\u0107aj solidarnosti i tolerancije, suosje\u0107anje, nepristranost, po\u0161tivanje ljudskog bi\u0107a i \u017eivota u miru i ljubavi.<\/p>\n\n\n\n<p>\u00b7&nbsp;&nbsp;&nbsp;&nbsp;&nbsp;&nbsp;&nbsp;&nbsp;<br><strong>Zdravstveni odgoj<\/strong>&nbsp;&#8211; rad na zdravstvenom obrazovanju mladih &#8211; kako posti\u0107i i zadr\u017eati zdravlje, opasnosti i \u0161tetnosti za zdravlje, poticanje i osposobljavanje za pru\u017eanje prve pomo\u0107i i samopomo\u0107i.<\/p>\n\n\n\n<p>\u00b7&nbsp;&nbsp;&nbsp;&nbsp;&nbsp;&nbsp;&nbsp;&nbsp;<br><strong>Razvijanje socijalne svijesti<\/strong>&nbsp;&#8211; organizira razli\u010dite oblike me\u0111usobnog pomaganja, razvija odgovorno pona\u0161anje prema sebi i zajednici, razvija komunikacijske vje\u0161tine, poma\u017ee razvijanju prijateljstva.<br>Postavljene zada\u0107e posti\u017eu se izobrazbom mladih na predavanjima i u radionicama Crvenog kri\u017ea i provedbom nau\u010denog u praksi uklju\u010divanjem u volonterske aktivnosti.<\/p>\n\n\n\n<p><strong>Oblici organiziranja<\/strong><\/p>\n\n\n\n<p>Mladi se udru\u017euju u osnovne organizacije mladih Crvenog kri\u017ea koje se organiziraju pri \u0161kolama ili izravno pri dru\u0161tvima Crvenog kri\u017ea. \u010clan mladih mo\u017ee biti svaka mlada osoba koja \u017eeli dio svog slobodnog vremena posvetiti radu Crvenog kri\u017ea, redovito pla\u0107a \u010dlanarinu i prihva\u0107a na\u010dela rada Crvenog kri\u017ea.<\/p>\n\n\n\n<p><strong>Posebni oblici organiziranja rada mladih<\/strong><\/p>\n\n\n\n<p>&nbsp;<strong>a)&nbsp;Klubovi mladih&nbsp;<\/strong><\/p>\n\n\n\n<p>\u00b7Svrha: korisno organizirati slobodno vrijeme mladih. Osposobiti mlade za provo\u0111enje aktivnosti HCK.<br>Najaktivniji \u010dlanovi mladih HCK organizirani su izvan obrazovnog sustava u klubovima mladih i\/ili u prostorima pri gradskim dru\u0161tvima Crvenog kri\u017ea (GDCK).<br>Pravilima rada mladih to\u010dno je odre\u0111ena organizacijska struktura klubova mladih HCK.<br>Voditelji klubova mladih osposobljavaju se na posebnim seminarima. Godine 1999. izra\u0111en je&nbsp;<strong><a rel=\"noreferrer noopener\" href=\"http:\/\/www.hck.hr\/upload_data\/txt_editor\/Mladi\/Prirucnik_za_voditelje_mladezi.pdf\" target=\"_blank\">Priru\u010dnik za izobrazbu voditelja mladih.<\/a><\/strong><\/p>\n\n\n\n<p><strong>b)&nbsp;Terenske jedinice&nbsp;&nbsp;<\/strong><\/p>\n\n\n\n<p>Svrha: Osposobiti mlade za aktivno sudjelovanje u pripremama za djelovanje u slu\u010daju katastrofa. Priprema mladih za kasnije sudjelovanje u specijaliziranim ekipama za djelovanje u katastrofama.<br>Zasad terensku jedinicu imaju gradska dru\u0161tva Crvenog kri\u017ea Osijek, Rijeka, Zagreb, Ivani\u0107 Grad, Vinkovci, Zapre\u0161i\u0107 i Gospi\u0107.&nbsp;&nbsp;<\/p>\n\n\n\n<p><strong>&nbsp;Program rada mladih HCK<\/strong><\/p>\n\n\n\n<p>Program rada mladih HCK utvr\u0111uje svaka organizacija mladih posebno, ovisno o potrebama sredine u kojoj djeluje. Svako osnovno dru\u0161tvo mladih HCK utvrdit \u0107e tko su najugro\u017eeniji \u010dlanovi zajednice, s kojim se problemima suo\u010davaju i na koji \u0107e ih na\u010din rije\u0161iti. Svaka vrsta aktivnosti mo\u017ee imati mnogo sadr\u017eaja i vi\u0161e oblika rada.<\/p>\n\n\n\n<p><strong>Kako postati volonter?<\/strong><\/p>\n\n\n\n<p>Postati volonter vrlo je jednostavno. Potrebno je samo javiti se u&nbsp;najbli\u017ee Gradsko dru\u0161tvo Crvenog kri\u017ea i informirati se o aktivnostima.<\/p>\n\n\n\n<p class=\"has-text-align-center\"><strong>\u017dELITE LI SAZNATI VI\u0160E, JO\u0160 KORISNIH POVEZNICA MO\u017dETE PRONA\u0106I <a rel=\"noreferrer noopener\" href=\"https:\/\/www.hck.hr\/sto-radimo\/mladi\/korisne-poveznice\/148\" target=\"_blank\">OVDJE<\/a><\/strong><\/p>\n\n\n\n<p><strong>\u0160to provodi Crveni kri\u017e Buj\u0161tine?&nbsp;<\/strong><\/p>\n\n\n\n<ul class=\"wp-block-list\"><li><strong>radionice Poznajem li Crveni kri\u017e, za u\u010denike svih \u0161estih razreda u osnovnim \u0161kolama, kojima je cilj upoznati u\u010denike o temeljnim na\u010delima i djelatnostima Crvenog kri\u017ea \u00a0i kodovi sigurnosti pona\u0161anja na vodi;<\/strong><\/li><li><strong>Obilje\u017eavanje svih va\u017enijih datuma za mlade<\/strong><\/li><li><strong>provedbu programa Humanitarno-zdravstvene aktivnosti &#8220;Humane vrednote&#8221; za u\u010denike osnovnih \u0161kola s podru\u010dja Buj\u0161tine na hrvatskom i talijanskom nastavnom jeziku\u00a0<\/strong><\/li><li><strong>sudjelovanje na seminarima i kampovima za mlade;<\/strong><\/li><li><strong>priremu ekipa za natjecanje mladih Hrvatskog Crvenog kri\u017ea\u00a0<\/strong><\/li><li><strong>sabirnu akciju &#8220;Solidarnost na djelu&#8221;<\/strong><\/li><li><strong>me\u0111unarodna suradnja\u00a0<\/strong><\/li><li><strong>ukjlu\u010divanje provo\u0111enje djelatnosti Crvenog kri\u017ea<\/strong><\/li><\/ul>\n\n\n\n<p><\/p>\n\n\n\n<div class=\"wp-block-image\"><figure class=\"aligncenter size-large\"><img loading=\"lazy\" decoding=\"async\" width=\"730\" height=\"487\" src=\"http:\/\/www.crvenikrizbuje.hr\/wp-content\/uploads\/2020\/02\/123564.jpg\" alt=\"\" class=\"wp-image-578\" srcset=\"https:\/\/www.crvenikrizbuje.hr\/wp-content\/uploads\/2020\/02\/123564.jpg 730w, https:\/\/www.crvenikrizbuje.hr\/wp-content\/uploads\/2020\/02\/123564-300x200.jpg 300w\" sizes=\"auto, (max-width: 730px) 100vw, 730px\" \/><\/figure><\/div>\n","protected":false},"excerpt":{"rendered":"<p>Program rada s Mlade\u017ei Crvenog kri\u017ea Buj\u0161tine namijenjen je svim mladim bilo kao nosiocima ili korisnicima programa. Pojam mladi ljudi odnosi se na \u010dlanove od 7 do 29&nbsp;godina starosti. Prioritet<\/p>\n","protected":false},"author":1,"featured_media":0,"parent":0,"menu_order":0,"comment_status":"closed","ping_status":"closed","template":"","meta":{"_monsterinsights_skip_tracking":false,"_monsterinsights_sitenote_active":false,"_monsterinsights_sitenote_note":"","_monsterinsights_sitenote_category":0,"footnotes":""},"class_list":["post-575","page","type-page","status-publish","hentry"],"_links":{"self":[{"href":"https:\/\/www.crvenikrizbuje.hr\/index.php?rest_route=\/wp\/v2\/pages\/575","targetHints":{"allow":["GET"]}}],"collection":[{"href":"https:\/\/www.crvenikrizbuje.hr\/index.php?rest_route=\/wp\/v2\/pages"}],"about":[{"href":"https:\/\/www.crvenikrizbuje.hr\/index.php?rest_route=\/wp\/v2\/types\/page"}],"author":[{"embeddable":true,"href":"https:\/\/www.crvenikrizbuje.hr\/index.php?rest_route=\/wp\/v2\/users\/1"}],"replies":[{"embeddable":true,"href":"https:\/\/www.crvenikrizbuje.hr\/index.php?rest_route=%2Fwp%2Fv2%2Fcomments&post=575"}],"version-history":[{"count":0,"href":"https:\/\/www.crvenikrizbuje.hr\/index.php?rest_route=\/wp\/v2\/pages\/575\/revisions"}],"wp:attachment":[{"href":"https:\/\/www.crvenikrizbuje.hr\/index.php?rest_route=%2Fwp%2Fv2%2Fmedia&parent=575"}],"curies":[{"name":"wp","href":"https:\/\/api.w.org\/{rel}","templated":true}]}}