{"id":582,"date":"2020-02-14T10:08:14","date_gmt":"2020-02-14T10:08:14","guid":{"rendered":"http:\/\/www.crvenikrizbuje.hr\/?page_id=582"},"modified":"2021-02-03T10:51:30","modified_gmt":"2021-02-03T10:51:30","slug":"priprema-i-odgovor-na-katastrofe","status":"publish","type":"page","link":"https:\/\/www.crvenikrizbuje.hr\/?page_id=582","title":{"rendered":"PRIPREMA I ODGOVOR NA KATASTROFE"},"content":{"rendered":"\n<p><strong>Katastrofa je svaki prirodni ili tehni\u010dko-tehnolo\u0161ki doga\u0111aj koji, na podru\u010dju Republike Hrvatske, opsegom, intenzitetom i neo\u010dekivano\u0161\u0107u ugrozi zdravlje i \u017eivote ve\u0107eg broja ljudi ili imovinu ve\u0107e vrijednosti ili okoli\u0161, a \u010diji nastanak nije mogu\u0107e sprije\u010diti ili posljedice otkloniti redovitim djelovanjem nadle\u017enih tijela dr\u017eavne uprave, nadle\u017enih jedinica lokalne i podru\u010dne (regionalne) samouprave i operativnih snaga za\u0161tite i spa\u0161avanja s podru\u010dja jedinice lokalne i podru\u010dne (regionalne) samouprave na kojem je doga\u0111aj nastao.<\/strong><\/p>\n\n\n\n<p>Katastrofe i velike nesre\u0107e, bez obzira jesu li prirodne ili tehni\u010dko \u2013 tehnolo\u0161ke ili im je uzrok ratno djelovanje ili da se radi o bilo kojem izvanrednom doga\u0111aju koji zbog nekontroliranog razvoja mo\u017ee ugroziti \u017eivote ljudi, materijalna i kulturna dobra te okoli\u0161, ne biraju niti mjesto niti vrijeme kad \u0107e nastupiti.<\/p>\n\n\n\n<div class=\"wp-block-image\"><figure class=\"aligncenter size-large\"><img loading=\"lazy\" decoding=\"async\" width=\"960\" height=\"528\" src=\"http:\/\/www.crvenikrizbuje.hr\/wp-content\/uploads\/2020\/02\/5.jpg\" alt=\"\" class=\"wp-image-583\" srcset=\"https:\/\/www.crvenikrizbuje.hr\/wp-content\/uploads\/2020\/02\/5.jpg 960w, https:\/\/www.crvenikrizbuje.hr\/wp-content\/uploads\/2020\/02\/5-300x165.jpg 300w, https:\/\/www.crvenikrizbuje.hr\/wp-content\/uploads\/2020\/02\/5-768x422.jpg 768w\" sizes=\"auto, (max-width: 960px) 100vw, 960px\" \/><\/figure><\/div>\n\n\n\n<p>Sve dr\u017eave svijeta, bez obzira na gospodarsku razvijenost, svjesne su izlo\u017eenosti rizicima koji ugro\u017eavaju temeljne nacionalne sigurnosne interese do kojih, uslijed katastrofa ili velikih nesre\u0107a, mo\u017ee do\u0107i u svakom trenutku, zbog \u010dega postoji potreba ustroja i razvoja kvalitetnih i u\u010dinkovitih slu\u017ebi, unutar nacionalnih dru\u0161tava, za odgovor na katastrofe.<\/p>\n\n\n\n<p>Prema Zakonu o Hrvatskom Crvenom kri\u017eu osnovni ciljevi Hrvatskoga Crvenog kri\u017ea su ubla\u017eavanje ljudskih patnji, a osobito onih izazvanih velikim prirodnim, ekolo\u0161kim i drugim nesre\u0107ama, s posljedicama masovnih stradanja i epidemijama.<\/p>\n\n\n\n<p>Kontinuiranim djelovanjem u smjeru pripreme svojih ljudskih i materijalnih resursa i potencijala Hrvatski Crveni kri\u017e nastoji se \u0161to kvalitetnije pripremiti da zajedno s Dr\u017eavnom upravom za za\u0161titu i spa\u0161avnje, te svim drugim subjektima zadu\u017eenim za djelovanje u kriznim situacijama u slu\u010daju potrebe brzo i djelotvorno odgovori na sve izazove s kojima bude suo\u010den.<\/p>\n\n\n\n<p>Crveni kri\u017e Buj\u0161tine svjesno svoje odgovornosti i uloge u takvim situacijama poduzelo je mjere priprema u skladu sa svojim &nbsp;financijskim, materijalnim i kadrovskim mogu\u0107nostima vode\u0107i pri tome ra\u010duna o mogu\u0107im opasnostima i doga\u0111ajima koji se mogu dogoditi na podru\u010dju djelovanja.<\/p>\n\n\n\n<p>Crveni kri\u017e Buj\u0161tine&nbsp;&nbsp;zastupljeno je i sudjeluje u radu u Sto\u017eera za\u0161tite i spa\u0161avanja Grada Novigrada, Umaga i Buja, a tako\u0111er ima \u010dlana u Zapovjedni\u0161tvu Civilne za\u0161tite svih spomenutih jedinica lokalne samouprave .<\/p>\n\n\n\n<p>Djelatnici i volonteri Crvenog kri\u017ea su kroz vi\u0161e vje\u017ebi u kojima su sudjelovali svi subjekti u lancu za\u0161tite i spa\u0161avanja na visokoj razini pokazali svoju spremnost za djelovanje u katastrofama. Ekipe prve pomo\u0107i &nbsp;svoju spremnost potvr\u0111uju ne samo kontinuiranim visokim plasmanima na svim razinama natjecanja od nacionalnih do europskih i me\u0111unarodnih natjecanja &nbsp;ve\u0107 i kroz stalno prisustvo na svim zna\u010dajnijim manifestacijama na podru\u010dju djelovanja Gradskog dru\u0161tva.<\/p>\n\n\n\n<div class=\"wp-block-image\"><figure class=\"aligncenter size-large\"><img loading=\"lazy\" decoding=\"async\" width=\"830\" height=\"600\" src=\"http:\/\/www.crvenikrizbuje.hr\/wp-content\/uploads\/2020\/02\/199447440015697040662044402194_2.jpg\" alt=\"\" class=\"wp-image-584\" srcset=\"https:\/\/www.crvenikrizbuje.hr\/wp-content\/uploads\/2020\/02\/199447440015697040662044402194_2.jpg 830w, https:\/\/www.crvenikrizbuje.hr\/wp-content\/uploads\/2020\/02\/199447440015697040662044402194_2-300x217.jpg 300w, https:\/\/www.crvenikrizbuje.hr\/wp-content\/uploads\/2020\/02\/199447440015697040662044402194_2-768x555.jpg 768w\" sizes=\"auto, (max-width: 830px) 100vw, 830px\" \/><\/figure><\/div>\n\n\n\n<p>U skladu sa Strategijom 2010 i 2020 (dokument Me\u0111unarodne federacije dru\u0161tava Crvenog kri\u017ea i Crvenog polumjeseca \/IFRC\/ &nbsp;koji predstavlja preporuku nacionalnim dru\u0161tvima ) unutar Hrvatskkog Crvenog &nbsp;kri\u017ea djeluje Odjel za pripremu i odgovor na katastrofe &nbsp;\u010diji &nbsp;cilj je razvoj razli\u010ditih slu\u017ebi za brzi i u\u010dinkoviti odgovor na katastrofe.<\/p>\n\n\n\n<p>Te snage moraju biti spremne i obu\u010dene za brz i u\u010dinkovit odgovor na katastrofe u svojem okru\u017eenju, a kroz proces treninga moraju se i identificirati osobe i timovi za pomo\u0107 u katastrofama i u me\u0111unarodnim okolnostima<\/p>\n\n\n\n<p>Hrvatski Crveni kri\u017e sastavni je dio sustava za\u0161tite i spa\u0161avanja u Republici Hrvatskoj. Predstavnici Hrvatskog Crvenog kri\u017ea \u010dlanovi su kriznih sto\u017eera na nacionalnoj, \u017eupanijskoj i gradskoj razini. Hrvatski Crveni kri\u017e sudjeluje u aktivnostima vezanima uz krizne situacije, tijekom svih faza krize, od pripreme preko odgovora na kriznu situaciju i pomo\u0107i u oporavku po zavr\u0161etku krize.<\/p>\n\n\n\n<p>Hrvatski Crveni kri\u017e priprema se i djeluje u katastrofama i izvanrednim situacijama. Osposobljava ekipe za djelovanje u katastrofama na lokalnoj i nacionalnoj razini te informira stanovnike svih dobnih skupina o postupcima i pravilnom pona\u0161anju u takvim situacijama. Nov\u010danim sredstvima nabavlja se potrebna oprema koja se pohranjuje u Centralnom skladi\u0161tu Hrvatskog Crvenog kri\u017ea u Zagrebu i u regionalnim skladi\u0161tima.<\/p>\n\n\n\n<p>Priprema ekipa za djelovanje u katastrofama i izvanrednim situacijama organizira se na lokalnoj razini kroz osposobljavanje gradskih i \u017eupanijskih interventnih timova. Svaki \u010dlan usvaja osnovna znanja iz prve pomo\u0107i, psihosocijalne podr\u0161ke, sigurnosti i samoza\u0161tite te komunikacije. Zatim se specijalizira iz nekog od podru\u010dja: prve pomo\u0107i (napredna obuka), procjene situacije, poslova slu\u017ebe tra\u017eenja, organizacije prihvata i smje\u0161taja ili osiguranja pitke vode i minimalnih higijenskih uvjeta.<\/p>\n\n\n\n<p>Najbolji \u010dlanovi interventnih timova pozivaju se na dodatne obuke za djelovanje u me\u0111unarodnim misijama pomo\u0107i. Uspje\u0161nim sudjelovanjem u me\u0111unarodnim misijama, volonteri i zaposlenici Hrvatskog Crvenog kri\u017ea opravdavaju ulaganje u ljudske i materijalne resurse.<\/p>\n\n\n\n<p>U Gradskom dru\u0161tvu Crvenog kri\u017ea Buj\u0161tine 8.sije\u010dnja\u00a0\u00a02012. godine zapo\u010dela je prva u nizu edukacija za Gradski interventni tim. Do 01 sije\u010dnja 2014.. godine odr\u017eano je 10 razli\u010ditih edukacija ( Poznavanje djelatnosti i Pokreta Crvenog kri\u017ea i Me\u0111unarodne Federacije Crvenog kri\u017ea, Djelovanje u katastrofama i procjena situacije, GPS i radiokomunikacije, Osnovni te\u010daj iz pru\u017eanja prve pomo\u0107i, Osnovni i pro\u0161ireni te\u010daj psihosocijalne podr\u0161ke,te osnovni te\u010daj slu\u017ebe tra\u017eenja).<\/p>\n\n\n\n<p>U Listopadu 2020. godine odr\u017eale su se edukacije za nove \u010dlanove, kao i obnove znanja za ostale \u010dlanove  Gradskog Interventnog Tima, te \u0107e se iste nastaviti u 2021. sukladno epidemiolo\u0161koj situaciji. <\/p>\n\n\n\n<div class=\"wp-block-image\"><figure class=\"aligncenter size-large\"><img loading=\"lazy\" decoding=\"async\" width=\"750\" height=\"500\" src=\"http:\/\/www.crvenikrizbuje.hr\/wp-content\/uploads\/2020\/02\/6.jpg\" alt=\"\" class=\"wp-image-586\" srcset=\"https:\/\/www.crvenikrizbuje.hr\/wp-content\/uploads\/2020\/02\/6.jpg 750w, https:\/\/www.crvenikrizbuje.hr\/wp-content\/uploads\/2020\/02\/6-300x200.jpg 300w\" sizes=\"auto, (max-width: 750px) 100vw, 750px\" \/><\/figure><\/div>\n\n\n\n<p>Ulo\u017eena su zna\u010dajna sredstva za nabavu opreme za za\u0161titu i spa\u0161avanje (\u0161atori, agregati, poljski kreveti, osobni kompleti, prikolica i dr.)<\/p>\n\n\n\n<p>Gradski interventni tim Gradskog dru\u0161tva Crvenog kri\u017ea Buj\u0161tine&nbsp;spreman je za odgovor na katastrofe, a sastoji se od 22&nbsp;\u010dlana, koji su educirani za intervencije u sljede\u0107im podru\u010djima za\u0161tite i spa\u0161avanja:<\/p>\n\n\n\n<ul class=\"wp-block-list\"><li><strong>prva pomo\u0107,<\/strong><\/li><li><strong>procjena situacije,<\/strong><\/li><li><strong>slu\u017eba tra\u017eenja,<\/strong><\/li><li><strong>organizacija prihvata i smje\u0161taja,<\/strong><\/li><li><strong>osiguranje pitke vode&nbsp;<\/strong><\/li><li><strong>minimalni higijenski uvjeta.<\/strong><\/li><\/ul>\n\n\n\n<p>Osim specijalnih znanja svi \u010dlanovi jedinice obu\u010deni su i sa sljede\u0107im znanjima:<\/p>\n\n\n\n<ul class=\"wp-block-list\"><li><strong>temeljna obuka iz prve pomo\u0107i,<\/strong><\/li><li><strong>sigurnost i samoza\u0161tita u intervenciji,<\/strong><\/li><li><strong>psiholo\u0161ka pomo\u0107 i podr\u0161ka&nbsp;<\/strong><\/li><li><strong>veze i komunikacije<\/strong><\/li><\/ul>\n\n\n\n<div class=\"wp-block-file aligncenter\"><a href=\"https:\/\/www.crvenikrizbuje.hr\/wp-content\/uploads\/2021\/02\/GRADSKI-INTERVENTNI-TIM-BUJE.pdf\" target=\"_blank\" rel=\"noreferrer noopener\">GRADSKI-INTERVENTNI-TIM-BUJE<\/a><\/div>\n\n\n\n<div class=\"wp-block-file aligncenter\"><a href=\"https:\/\/www.crvenikrizbuje.hr\/wp-content\/uploads\/2021\/02\/OPERATIVNI-PLAN-GIT-BUJE.pdf\" target=\"_blank\" rel=\"noreferrer noopener\">OPERATIVNI-PLAN-GIT-BUJE<\/a><\/div>\n\n\n\n<p><\/p>\n","protected":false},"excerpt":{"rendered":"<p>Katastrofa je svaki prirodni ili tehni\u010dko-tehnolo\u0161ki doga\u0111aj koji, na podru\u010dju Republike Hrvatske, opsegom, intenzitetom i neo\u010dekivano\u0161\u0107u ugrozi zdravlje i \u017eivote ve\u0107eg broja ljudi ili imovinu ve\u0107e vrijednosti ili okoli\u0161, a<\/p>\n","protected":false},"author":1,"featured_media":0,"parent":0,"menu_order":0,"comment_status":"closed","ping_status":"closed","template":"","meta":{"_monsterinsights_skip_tracking":false,"_monsterinsights_sitenote_active":false,"_monsterinsights_sitenote_note":"","_monsterinsights_sitenote_category":0,"footnotes":""},"class_list":["post-582","page","type-page","status-publish","hentry"],"_links":{"self":[{"href":"https:\/\/www.crvenikrizbuje.hr\/index.php?rest_route=\/wp\/v2\/pages\/582","targetHints":{"allow":["GET"]}}],"collection":[{"href":"https:\/\/www.crvenikrizbuje.hr\/index.php?rest_route=\/wp\/v2\/pages"}],"about":[{"href":"https:\/\/www.crvenikrizbuje.hr\/index.php?rest_route=\/wp\/v2\/types\/page"}],"author":[{"embeddable":true,"href":"https:\/\/www.crvenikrizbuje.hr\/index.php?rest_route=\/wp\/v2\/users\/1"}],"replies":[{"embeddable":true,"href":"https:\/\/www.crvenikrizbuje.hr\/index.php?rest_route=%2Fwp%2Fv2%2Fcomments&post=582"}],"version-history":[{"count":0,"href":"https:\/\/www.crvenikrizbuje.hr\/index.php?rest_route=\/wp\/v2\/pages\/582\/revisions"}],"wp:attachment":[{"href":"https:\/\/www.crvenikrizbuje.hr\/index.php?rest_route=%2Fwp%2Fv2%2Fmedia&parent=582"}],"curies":[{"name":"wp","href":"https:\/\/api.w.org\/{rel}","templated":true}]}}