{"id":594,"date":"2020-02-14T10:19:22","date_gmt":"2020-02-14T10:19:22","guid":{"rendered":"http:\/\/www.crvenikrizbuje.hr\/?page_id=594"},"modified":"2021-04-28T08:54:56","modified_gmt":"2021-04-28T08:54:56","slug":"humanitarno-socijalni-program","status":"publish","type":"page","link":"https:\/\/www.crvenikrizbuje.hr\/?page_id=594","title":{"rendered":"HUMANITARNO-SOCIJALNI PROGRAM"},"content":{"rendered":"\n<p><strong>Na\u0161e dru\u0161tvo ima status humanitarne organizacije pri Ministarstvu socijalne skrbi te prema tome prava i mogu\u0107nosti distribujcije humanitarne pomo\u0107i iz zemlje i inozemstva. Status omogu\u0107uje uvoz donacije hrane i higijenskih potrep\u0161tina bez carinskih davanja.<\/strong><\/p>\n\n\n\n<p>Za potrebe distribucije humanitarne pomo\u0107i na\u0161e dru\u0161tvo ima organiziranja tri distributivno-prihvatna mjesta &#8211; Buje, Novigrad i Umag. Na njima jednom tjedno ili ako to potrebe nala\u017eu i vi\u0161e, radi 30-tak volontera. Oni na to predvi\u0111enim mjestima zaprimaju, sortiraju te dijele odje\u0107u i obu\u0107u potrebitima. Sukladno zakonu o humanitarnoj pomo\u0107i, odgovorne osobe za skladi\u0161ta, a koje su imenovane Odlukom Odbora, vode propisanu dokumentaciju &#8211; primke, izdatnice, potvrde i evidenciju korisnika.<\/p>\n\n\n\n<div class=\"wp-block-image\"><figure class=\"aligncenter size-large\"><img loading=\"lazy\" decoding=\"async\" width=\"960\" height=\"720\" src=\"http:\/\/www.crvenikrizbuje.hr\/wp-content\/uploads\/2020\/02\/3-I-4-PODJELA-PAK-HRANE-2.jpg\" alt=\"\" class=\"wp-image-609\" srcset=\"https:\/\/www.crvenikrizbuje.hr\/wp-content\/uploads\/2020\/02\/3-I-4-PODJELA-PAK-HRANE-2.jpg 960w, https:\/\/www.crvenikrizbuje.hr\/wp-content\/uploads\/2020\/02\/3-I-4-PODJELA-PAK-HRANE-2-300x225.jpg 300w, https:\/\/www.crvenikrizbuje.hr\/wp-content\/uploads\/2020\/02\/3-I-4-PODJELA-PAK-HRANE-2-768x576.jpg 768w\" sizes=\"auto, (max-width: 960px) 100vw, 960px\" \/><\/figure><\/div>\n\n\n\n<p><strong>Aktivnosti vezane uz provo\u0111enje socijalnih programa usmjerene su kroz pomo\u0107:<\/strong><\/p>\n\n\n\n<ul class=\"wp-block-list\"><li><strong>&nbsp;osobama u socijalnoj&nbsp;potrebi;<\/strong><\/li><li><strong>&nbsp;osobama sa invaliditetom;<\/strong><\/li><li><strong>&nbsp;osobama tre\u0107e \u017eivotne dobi;<\/strong><\/li><li><strong>&nbsp;azilantima<\/strong><\/li><\/ul>\n\n\n\n<div class=\"wp-block-file aligncenter\"><a href=\"http:\/\/www.crvenikrizbuje.hr\/wp-content\/uploads\/2020\/02\/ZAKON-O-HUMANITARNOJ-POMO\u0106I.pdf\" target=\"_blank\" rel=\"noreferrer noopener\">ZAKON-O-HUMANITARNOJ-POMO\u0106I<\/a><\/div>\n\n\n\n<div class=\"wp-block-file aligncenter\"><a href=\"https:\/\/www.crvenikrizbuje.hr\/wp-content\/uploads\/2021\/04\/ZAKON-O-SOCIJALNOJ-SKRBI.docx\" target=\"_blank\" rel=\"noreferrer noopener\">ZAKON-O-SOCIJALNOJ-SKRBI<\/a><\/div>\n\n\n\n<div class=\"wp-block-file aligncenter\"><a href=\"https:\/\/www.crvenikrizbuje.hr\/wp-content\/uploads\/2021\/02\/Uvijeti-i-kriteriji-paketi-humanitarne-pomoci2020.-godina.pdf\" target=\"_blank\" rel=\"noreferrer noopener\">Uvijeti-i-kriteriji-paketi-humanitarne-pomoci2020.-godina<\/a><\/div>\n\n\n\n<div class=\"wp-block-file aligncenter\"><a href=\"https:\/\/www.crvenikrizbuje.hr\/wp-content\/uploads\/2021\/02\/RJESENJE-O-PRIKUPLJANJU-HUMANITARNE-POMOCI.pdf\" target=\"_blank\" rel=\"noreferrer noopener\">RJESENJE-O-PRIKUPLJANJU-HUMANITARNE-POMOCI<\/a><\/div>\n\n\n\n<div class=\"wp-block-file aligncenter\"><a href=\"https:\/\/www.crvenikrizbuje.hr\/wp-content\/uploads\/2021\/02\/Sadrzaj-paketa-Hrane-2020.-1.pdf\" target=\"_blank\" rel=\"noreferrer noopener\">Sadrzaj-paketa-Hrane-2020.-1<\/a><\/div>\n\n\n\n<div class=\"wp-block-file aligncenter\"><a href=\"https:\/\/www.crvenikrizbuje.hr\/wp-content\/uploads\/2021\/02\/Sadrzaj-paketa-Higijene-2020.-1.pdf\" target=\"_blank\" rel=\"noreferrer noopener\">Sadrzaj-paketa-Higijene-2020.-1<\/a><\/div>\n\n\n\n<div class=\"wp-block-file aligncenter\"><a href=\"https:\/\/www.crvenikrizbuje.hr\/wp-content\/uploads\/2021\/02\/A-B-B-sadrzaj-paketa.pdf\" target=\"_blank\" rel=\"noreferrer noopener\">A-B-B-sadrzaj-paketa<\/a><\/div>\n\n\n\n<p><\/p>\n","protected":false},"excerpt":{"rendered":"<p>Na\u0161e dru\u0161tvo ima status humanitarne organizacije pri Ministarstvu socijalne skrbi te prema tome prava i mogu\u0107nosti distribujcije humanitarne pomo\u0107i iz zemlje i inozemstva. Status omogu\u0107uje uvoz donacije hrane i higijenskih<\/p>\n","protected":false},"author":1,"featured_media":0,"parent":0,"menu_order":0,"comment_status":"closed","ping_status":"closed","template":"","meta":{"_monsterinsights_skip_tracking":false,"_monsterinsights_sitenote_active":false,"_monsterinsights_sitenote_note":"","_monsterinsights_sitenote_category":0,"footnotes":""},"class_list":["post-594","page","type-page","status-publish","hentry"],"_links":{"self":[{"href":"https:\/\/www.crvenikrizbuje.hr\/index.php?rest_route=\/wp\/v2\/pages\/594","targetHints":{"allow":["GET"]}}],"collection":[{"href":"https:\/\/www.crvenikrizbuje.hr\/index.php?rest_route=\/wp\/v2\/pages"}],"about":[{"href":"https:\/\/www.crvenikrizbuje.hr\/index.php?rest_route=\/wp\/v2\/types\/page"}],"author":[{"embeddable":true,"href":"https:\/\/www.crvenikrizbuje.hr\/index.php?rest_route=\/wp\/v2\/users\/1"}],"replies":[{"embeddable":true,"href":"https:\/\/www.crvenikrizbuje.hr\/index.php?rest_route=%2Fwp%2Fv2%2Fcomments&post=594"}],"version-history":[{"count":0,"href":"https:\/\/www.crvenikrizbuje.hr\/index.php?rest_route=\/wp\/v2\/pages\/594\/revisions"}],"wp:attachment":[{"href":"https:\/\/www.crvenikrizbuje.hr\/index.php?rest_route=%2Fwp%2Fv2%2Fmedia&parent=594"}],"curies":[{"name":"wp","href":"https:\/\/api.w.org\/{rel}","templated":true}]}}