{"id":621,"date":"2020-02-14T11:05:37","date_gmt":"2020-02-14T11:05:37","guid":{"rendered":"http:\/\/www.crvenikrizbuje.hr\/?page_id=621"},"modified":"2020-02-14T11:09:29","modified_gmt":"2020-02-14T11:09:29","slug":"trgovanje-ljudima","status":"publish","type":"page","link":"https:\/\/www.crvenikrizbuje.hr\/?page_id=621","title":{"rendered":"PREVENCIJA TRGOVANJA LJUDIMA"},"content":{"rendered":"\n<p><strong>Prema definiciji, trgovanje ljudima ozna\u010dava vrbovanje, transport, prebacivanje, skrivanje ili prihva\u0107anje osoba primjenom prisile, otmice, prijevare, obmane, zloporabe vlasti ili ranjivosti polo\u017eaja, ili davanja i primanja novca ili olak\u0161ica da bi se postigao pristanak osobe koja ima nadzor nad drugom osobom u svrhu iskori\u0161tavanja. Trgovanje ljudima zastra\u0161uju\u0107a je i zabrinjavaju\u0107a pojava koja obuhva\u0107a vrbovanje, otmicu, prodaju, preseljenje unutar postoje\u0107e dr\u017eave ili preseljenje u drugu dr\u017eavu i stavljanje osoba u ropski zaposleni\u010dki odnos nakon pru\u017eanja, u velikom broju slu\u010dajeva, nezakonite migracijske \u201epomo\u0107i\u201c.<\/strong><\/p>\n\n\n\n<div class=\"wp-block-image\"><figure class=\"aligncenter size-large\"><img loading=\"lazy\" decoding=\"async\" width=\"810\" height=\"500\" src=\"http:\/\/www.crvenikrizbuje.hr\/wp-content\/uploads\/2020\/02\/trgovanje-ljudima.jpg\" alt=\"\" class=\"wp-image-622\" srcset=\"https:\/\/www.crvenikrizbuje.hr\/wp-content\/uploads\/2020\/02\/trgovanje-ljudima.jpg 810w, https:\/\/www.crvenikrizbuje.hr\/wp-content\/uploads\/2020\/02\/trgovanje-ljudima-300x185.jpg 300w, https:\/\/www.crvenikrizbuje.hr\/wp-content\/uploads\/2020\/02\/trgovanje-ljudima-768x474.jpg 768w\" sizes=\"auto, (max-width: 810px) 100vw, 810px\" \/><\/figure><\/div>\n\n\n\n<p>Kako bi se osigurala sustavna edukacija djece i mladih o ovom problemu, u 2008. god. Hrvatski Crveni kri\u017e je u suradnji s Agencijom za odgoj i obrazovanje u program \u201eHumane vrednote \u2013 odgoj za humanost\u201c uklju\u010dio i temu \u201ePrevencija trgovanja ljudima\u201c. Rije\u010d je o jednom od modula Nacionalnog programa za ljudska prava i demokratsko gra\u0111anstvo.<\/p>\n\n\n\n<p>Svrha programa je bolja informiranost i za\u0161tita potencijalnih \u017ertava, a pogotovo mladih koji su u najve\u0107oj opasnosti da u\u0111u u krug trgovanja ljudima. Informiranje i edukaciju provodimo putem informativnih letaka i bro\u0161ura HCK, te radionicama za u\u010denike i nastavnike koje sadr\u017eajno obuhva\u0107aju dinamiku procesa trgovanja ljudima, mehanizme kontrole \u017ertava i mjere opreza.<\/p>\n\n\n\n<div class=\"wp-block-image\"><figure class=\"aligncenter size-large is-resized\"><img loading=\"lazy\" decoding=\"async\" src=\"http:\/\/www.crvenikrizbuje.hr\/wp-content\/uploads\/2020\/02\/prevencija_trgovanja_ljudima_-_bus3-620x264-1.jpg\" alt=\"\" class=\"wp-image-623\" width=\"836\" height=\"356\" srcset=\"https:\/\/www.crvenikrizbuje.hr\/wp-content\/uploads\/2020\/02\/prevencija_trgovanja_ljudima_-_bus3-620x264-1.jpg 620w, https:\/\/www.crvenikrizbuje.hr\/wp-content\/uploads\/2020\/02\/prevencija_trgovanja_ljudima_-_bus3-620x264-1-300x128.jpg 300w\" sizes=\"auto, (max-width: 836px) 100vw, 836px\" \/><\/figure><\/div>\n\n\n\n<p>Informacije o mogu\u0107nostima i oblicima suradnje s Gradskim dru\u0161tvom Crvenog kri\u017ea Buj\u0161tine na provedbi programa prevencije trgovanja ljudima mo\u017eete dobiti u Slu\u017ebi rada s mladima.<\/p>\n","protected":false},"excerpt":{"rendered":"<p>Prema definiciji, trgovanje ljudima ozna\u010dava vrbovanje, transport, prebacivanje, skrivanje ili prihva\u0107anje osoba primjenom prisile, otmice, prijevare, obmane, zloporabe vlasti ili ranjivosti polo\u017eaja, ili davanja i primanja novca ili olak\u0161ica da<\/p>\n","protected":false},"author":1,"featured_media":0,"parent":0,"menu_order":0,"comment_status":"closed","ping_status":"closed","template":"","meta":{"_monsterinsights_skip_tracking":false,"_monsterinsights_sitenote_active":false,"_monsterinsights_sitenote_note":"","_monsterinsights_sitenote_category":0,"footnotes":""},"class_list":["post-621","page","type-page","status-publish","hentry"],"_links":{"self":[{"href":"https:\/\/www.crvenikrizbuje.hr\/index.php?rest_route=\/wp\/v2\/pages\/621","targetHints":{"allow":["GET"]}}],"collection":[{"href":"https:\/\/www.crvenikrizbuje.hr\/index.php?rest_route=\/wp\/v2\/pages"}],"about":[{"href":"https:\/\/www.crvenikrizbuje.hr\/index.php?rest_route=\/wp\/v2\/types\/page"}],"author":[{"embeddable":true,"href":"https:\/\/www.crvenikrizbuje.hr\/index.php?rest_route=\/wp\/v2\/users\/1"}],"replies":[{"embeddable":true,"href":"https:\/\/www.crvenikrizbuje.hr\/index.php?rest_route=%2Fwp%2Fv2%2Fcomments&post=621"}],"version-history":[{"count":0,"href":"https:\/\/www.crvenikrizbuje.hr\/index.php?rest_route=\/wp\/v2\/pages\/621\/revisions"}],"wp:attachment":[{"href":"https:\/\/www.crvenikrizbuje.hr\/index.php?rest_route=%2Fwp%2Fv2%2Fmedia&parent=621"}],"curies":[{"name":"wp","href":"https:\/\/api.w.org\/{rel}","templated":true}]}}