{"id":671,"date":"2020-02-14T14:42:47","date_gmt":"2020-02-14T14:42:47","guid":{"rendered":"http:\/\/www.crvenikrizbuje.hr\/?page_id=671"},"modified":"2021-04-28T09:04:26","modified_gmt":"2021-04-28T09:04:26","slug":"zajednicke-akcije-hrvatskog-crvenog-kriza","status":"publish","type":"page","link":"https:\/\/www.crvenikrizbuje.hr\/?page_id=671","title":{"rendered":"PROGRAMI ZA\u0160TITE ZDRAVLJA I PREVENCIJE BOLESTI"},"content":{"rendered":"\n<p><\/p>\n\n\n\n<p class=\"has-text-align-left\"><strong>Hrvatski Crveni kri\u017e provodi razli\u010dite programe za za\u0161titu zdravlja te podizanje zdravstvene i ekolo\u0161ke kulture, a posebno radi na prevenciji bolesti i ovisnosti kod djece i mladih. Zdravstveni odgoj prilago\u0111en je dobnim skupinama kroz razne metode rada (predavanja, javne tribine, radionice, igraonice), \u010dime se u radu svih dru\u0161tava Hrvatskog Crvenog kri\u017ea godi\u0161nje obuhvati oko 100 tisu\u0107a djece i odraslih soba.&nbsp;<\/strong><\/p>\n\n\n\n<p><strong>Programi za\u0161tite zdravlja i prevencije bolesti&nbsp;obuhva\u0107aju:&nbsp;<\/strong><\/p>\n\n\n\n<p>&#8211; prevencija i borba protiv \u0161irenja HIV\/AIDS-a&nbsp;<\/p>\n\n\n\n<p>&#8211; programi prevencije ovisnosti&nbsp;<\/p>\n\n\n\n<p>&#8211; prevencija kroni\u010dnih nezaraznih bolesti&nbsp;<\/p>\n\n\n\n<p>&#8211; kroz program &#8220;\u017divjeti zdravo&#8221; &#8211;&nbsp;Zdravlje i tjelesna aktivnost te Zdravlje i okoli\u0161&nbsp;<\/p>\n\n\n\n<p>&#8211; prevencija i suzbijanje tuberkuloze&nbsp;<\/p>\n\n\n\n<p>&#8211; iznenadni javnozdravstveni izazovi&nbsp;<\/p>\n\n\n\n<p>&#8211; za\u0161tita zdravlja od vru\u0107ine&nbsp;<\/p>\n\n\n\n<p>&#8211; za\u0161tita zdravlja od hladno\u0107e&nbsp;<\/p>\n\n\n\n<p>&#8211; prevencija stradavanja stanovni\u0161tva od mina i eksplozivnih ostataka iz rata&nbsp;<\/p>\n\n\n\n<div class=\"wp-block-columns is-layout-flex wp-container-core-columns-is-layout-1 wp-block-columns-is-layout-flex\">\n<div class=\"wp-block-column is-layout-flow wp-block-column-is-layout-flow\"><\/div>\n<\/div>\n\n\n\n<div class=\"wp-block-image\"><figure class=\"aligncenter size-large\"><img loading=\"lazy\" decoding=\"async\" width=\"1024\" height=\"863\" src=\"https:\/\/www.crvenikrizbuje.hr\/wp-content\/uploads\/2021\/04\/volim-1-1.jpg\" alt=\"\" class=\"wp-image-1517\" srcset=\"https:\/\/www.crvenikrizbuje.hr\/wp-content\/uploads\/2021\/04\/volim-1-1.jpg 1024w, https:\/\/www.crvenikrizbuje.hr\/wp-content\/uploads\/2021\/04\/volim-1-1-300x253.jpg 300w, https:\/\/www.crvenikrizbuje.hr\/wp-content\/uploads\/2021\/04\/volim-1-1-768x647.jpg 768w\" sizes=\"auto, (max-width: 1024px) 100vw, 1024px\" \/><\/figure><\/div>\n","protected":false},"excerpt":{"rendered":"<p>Hrvatski Crveni kri\u017e provodi razli\u010dite programe za za\u0161titu zdravlja te podizanje zdravstvene i ekolo\u0161ke kulture, a posebno radi na prevenciji bolesti i ovisnosti kod djece i mladih. Zdravstveni odgoj prilago\u0111en<\/p>\n","protected":false},"author":1,"featured_media":0,"parent":0,"menu_order":0,"comment_status":"closed","ping_status":"closed","template":"","meta":{"_monsterinsights_skip_tracking":false,"_monsterinsights_sitenote_active":false,"_monsterinsights_sitenote_note":"","_monsterinsights_sitenote_category":0,"footnotes":""},"class_list":["post-671","page","type-page","status-publish","hentry"],"_links":{"self":[{"href":"https:\/\/www.crvenikrizbuje.hr\/index.php?rest_route=\/wp\/v2\/pages\/671","targetHints":{"allow":["GET"]}}],"collection":[{"href":"https:\/\/www.crvenikrizbuje.hr\/index.php?rest_route=\/wp\/v2\/pages"}],"about":[{"href":"https:\/\/www.crvenikrizbuje.hr\/index.php?rest_route=\/wp\/v2\/types\/page"}],"author":[{"embeddable":true,"href":"https:\/\/www.crvenikrizbuje.hr\/index.php?rest_route=\/wp\/v2\/users\/1"}],"replies":[{"embeddable":true,"href":"https:\/\/www.crvenikrizbuje.hr\/index.php?rest_route=%2Fwp%2Fv2%2Fcomments&post=671"}],"version-history":[{"count":0,"href":"https:\/\/www.crvenikrizbuje.hr\/index.php?rest_route=\/wp\/v2\/pages\/671\/revisions"}],"wp:attachment":[{"href":"https:\/\/www.crvenikrizbuje.hr\/index.php?rest_route=%2Fwp%2Fv2%2Fmedia&parent=671"}],"curies":[{"name":"wp","href":"https:\/\/api.w.org\/{rel}","templated":true}]}}