{"id":688,"date":"2020-02-14T15:17:40","date_gmt":"2020-02-14T15:17:40","guid":{"rendered":"http:\/\/www.crvenikrizbuje.hr\/?page_id=688"},"modified":"2020-03-03T19:14:26","modified_gmt":"2020-03-03T19:14:26","slug":"tecaj-pruzanja-prve-pomoci-za-vozace","status":"publish","type":"page","link":"https:\/\/www.crvenikrizbuje.hr\/?page_id=688","title":{"rendered":"TE\u010cAJ PRU\u017dANJA PRVE POMO\u0106I ZA VOZA\u010cE"},"content":{"rendered":"\n<p><strong>Te\u010dajevi se provode kao sastavni dio osposobljavanja kandidata za voza\u010de, u skladu sa Zakonom o sigurnosti prometa na cestama (NN 105\/04), Pravilnikom o osposobljavanju kandidata za voza\u010de na motorni pogon iz nastavnog predmeta pru\u017eanje prve pomo\u0107i osobama ozlije\u0111enim u prometnoj nezgodi (NN 59\/98), te ostalim va\u017ee\u0107im Pravilnicima u trajanju od &nbsp;9 nastavnih sati.<\/strong><\/p>\n\n\n\n<p>Gradsko dru\u0161tvo Crvenog kri\u017ea Buje&nbsp;raspola\u017ee s 3&nbsp;licenciranih lije\u010dnika provode obuku iz prve pomo\u0107i. Osim kvalitetne ekipe stru\u010dnjaka, prostorija, Gradsko dru\u0161tvo Crvenog kri\u017ea Buje&nbsp;opremljeno je najsuvremenijom opremom i nastavnim pomagalima za osposobljavanje svih kategorija stanovni\u0161tva &nbsp;za pru\u017eanje prve pomo\u0107i.<\/p>\n\n\n\n<p>Te\u010dajevi se u odr\u017eavaju jednom tjedno, odnosno po popunjenu grupe potrebne za organizaciju te\u010daja.<\/p>\n\n\n\n<div class=\"wp-block-image\"><figure class=\"aligncenter size-large\"><img loading=\"lazy\" decoding=\"async\" width=\"960\" height=\"640\" src=\"http:\/\/www.crvenikrizbuje.hr\/wp-content\/uploads\/2020\/02\/tecaj-prve-pomoci-za-vozace.jpg\" alt=\"\" class=\"wp-image-689\" srcset=\"https:\/\/www.crvenikrizbuje.hr\/wp-content\/uploads\/2020\/02\/tecaj-prve-pomoci-za-vozace.jpg 960w, https:\/\/www.crvenikrizbuje.hr\/wp-content\/uploads\/2020\/02\/tecaj-prve-pomoci-za-vozace-300x200.jpg 300w, https:\/\/www.crvenikrizbuje.hr\/wp-content\/uploads\/2020\/02\/tecaj-prve-pomoci-za-vozace-768x512.jpg 768w\" sizes=\"auto, (max-width: 960px) 100vw, 960px\" \/><\/figure><\/div>\n\n\n\n<p>Svi zainteresirani za o osposobljavanje kandidata za voza\u010de na motorni pogon iz nastavnog predmeta pru\u017eanje prve pomo\u0107i osobama ozlije\u0111enim u prometnoj nezgodi mogu se javiti u:<\/p>\n\n\n\n<p><strong>Gradsko dru\u0161tvo Crvenog kri\u017ea Buje<\/strong><\/p>\n\n\n\n<p>1. svibnja 9<\/p>\n\n\n\n<p>52460 Buje<\/p>\n\n\n\n<p>Telefon: 052\u00a0\/ 772 446<\/p>\n\n\n\n<p>e-mail:&nbsp;<a href=\"mailto:info@crvenikrizbuje.hr\">info@crvenikrizbuje.hr<\/a><\/p>\n","protected":false},"excerpt":{"rendered":"<p>Te\u010dajevi se provode kao sastavni dio osposobljavanja kandidata za voza\u010de, u skladu sa Zakonom o sigurnosti prometa na cestama (NN 105\/04), Pravilnikom o osposobljavanju kandidata za voza\u010de na motorni pogon<\/p>\n","protected":false},"author":1,"featured_media":0,"parent":0,"menu_order":0,"comment_status":"closed","ping_status":"closed","template":"","meta":{"_monsterinsights_skip_tracking":false,"_monsterinsights_sitenote_active":false,"_monsterinsights_sitenote_note":"","_monsterinsights_sitenote_category":0,"footnotes":""},"class_list":["post-688","page","type-page","status-publish","hentry"],"_links":{"self":[{"href":"https:\/\/www.crvenikrizbuje.hr\/index.php?rest_route=\/wp\/v2\/pages\/688","targetHints":{"allow":["GET"]}}],"collection":[{"href":"https:\/\/www.crvenikrizbuje.hr\/index.php?rest_route=\/wp\/v2\/pages"}],"about":[{"href":"https:\/\/www.crvenikrizbuje.hr\/index.php?rest_route=\/wp\/v2\/types\/page"}],"author":[{"embeddable":true,"href":"https:\/\/www.crvenikrizbuje.hr\/index.php?rest_route=\/wp\/v2\/users\/1"}],"replies":[{"embeddable":true,"href":"https:\/\/www.crvenikrizbuje.hr\/index.php?rest_route=%2Fwp%2Fv2%2Fcomments&post=688"}],"version-history":[{"count":0,"href":"https:\/\/www.crvenikrizbuje.hr\/index.php?rest_route=\/wp\/v2\/pages\/688\/revisions"}],"wp:attachment":[{"href":"https:\/\/www.crvenikrizbuje.hr\/index.php?rest_route=%2Fwp%2Fv2%2Fmedia&parent=688"}],"curies":[{"name":"wp","href":"https:\/\/api.w.org\/{rel}","templated":true}]}}