{"id":691,"date":"2020-02-14T15:20:13","date_gmt":"2020-02-14T15:20:13","guid":{"rendered":"http:\/\/www.crvenikrizbuje.hr\/?page_id=691"},"modified":"2020-03-03T18:58:48","modified_gmt":"2020-03-03T18:58:48","slug":"tecajevi-prva-pomoci-na-radu","status":"publish","type":"page","link":"https:\/\/www.crvenikrizbuje.hr\/?page_id=691","title":{"rendered":"TE\u010cAJEVI PRVE POMO\u0106I ZA\u0160TITE NA RADU"},"content":{"rendered":"\n<p><strong>Prema Zakonu o za\u0161titi na radu (NN 59\/96) i Pravilnikom (NN 56\/83) utvr\u0111en je broj osoba osposobljenih za pru\u017eanje prve pomo\u0107i na osobama ozlije\u0111enim na radu.<\/strong><\/p>\n\n\n\n<p>Poslodavac je du\u017ean organizirati i osigurati obuku&nbsp;prve pomo\u0107i zaposlenicima za slu\u010daj ozljede na radu ili iznenadne bolesti do njihovog upu\u0107ivanja na lije\u010denje zdravstvenoj ustanovi.<\/p>\n\n\n\n<p>Poslodavac je du\u017ean osigurati potreban broj zaposlenika osposobljenih za evakuaciju i spa\u0161avanje kao i za pru\u017eanje prve pomo\u0107i te im stavi na raspolaganje svu potrebnu opremu.<\/p>\n\n\n\n<p>Na svakom radili\u0161tu i u radnim prostorijama u kojima istovremeno radi do 20 zaposlenika najmanje jedan od njih mora biti osposobljen i odre\u0111en za pru\u017eanje prve pomo\u0107i te jo\u0161 po jedan na svakih daljnjih 50 zaposlenika. Kad postoji vi\u0161e radnih prostora s manjim brojem zaposlenika ovo pravilo se prilago\u0111ava potrebama sukladno elaboratu o procjeni opasnosti.<\/p>\n\n\n\n<p>Osobama odre\u0111enim za pru\u017eanje prve pomo\u0107i mora se staviti na raspolaganje potrebna oprema.<\/p>\n\n\n\n<figure class=\"wp-block-image size-large\"><img loading=\"lazy\" decoding=\"async\" width=\"1024\" height=\"359\" src=\"http:\/\/www.crvenikrizbuje.hr\/wp-content\/uploads\/2020\/02\/resize-1024x359.jpg\" alt=\"\" class=\"wp-image-692\" srcset=\"https:\/\/www.crvenikrizbuje.hr\/wp-content\/uploads\/2020\/02\/resize-1024x359.jpg 1024w, https:\/\/www.crvenikrizbuje.hr\/wp-content\/uploads\/2020\/02\/resize-300x105.jpg 300w, https:\/\/www.crvenikrizbuje.hr\/wp-content\/uploads\/2020\/02\/resize-768x269.jpg 768w, https:\/\/www.crvenikrizbuje.hr\/wp-content\/uploads\/2020\/02\/resize.jpg 1140w\" sizes=\"auto, (max-width: 1024px) 100vw, 1024px\" \/><\/figure>\n\n\n\n<p>Nov\u010danom kaznom od 10.000 do 20.000 kuna kaznit \u0107e se za prekr\u0161aj poslodavac ako na propisani na\u010din ne organizira i ne osigura pru\u017eanje prve pomo\u0107i i medicinske pomo\u0107i<\/p>\n\n\n\n<p>Cilj osposobljavanja radnika je samostalno i ovla\u0161teno pru\u017eanje prve pomo\u0107i u slu\u010daju ozljeda na radu dok \u0107e usvojeno znanje i ste\u010dene prakti\u010dne vje\u0161tine koristiti svakom pojedincu u \u017eivotnim situacijama u kojima pravodobnim i pravilnim pru\u017eanjem prve pomo\u0107i mo\u017ee spasiti tu\u0111i i svoj \u017eivot.<\/p>\n\n\n\n<p>Osposobljavanje se sastoji od teorijskog te prakti\u010dnog dijela na kojem se provode vje\u017ebe pru\u017eanja prve pomo\u0107i.<\/p>\n\n\n\n<p>Nakon te\u010daja izdaje se uvjerenje o osposobljenosti radnika za pru\u017eanje prve pomo\u0107i na radu.<\/p>\n\n\n\n<p>Gradsko dru\u0161tvo Crvenog kri\u017ea Buje&nbsp;sura\u0111uje s 3&nbsp;licenciranih lije\u010dnika koji provode obuku iz prve pomo\u0107i. Osim kvalitetne ekipe stru\u010dnjaka, prostorija, Gradsko dru\u0161tvo Crvenog kri\u017ea Buje&nbsp;opremljeno je potrebnom opremom i nastavnim pomagalima za osposobljavanje svih kategorija stanovni\u0161tva &nbsp;za pru\u017eanje prve pomo\u0107i.<\/p>\n\n\n\n<p>Ukoliko u Va\u0161oj tvrtki &nbsp;radnike jo\u0161 niste osposobili za pru\u017eanje prve pomo\u0107i, pozivamo Vas da nam se javite:<\/p>\n\n\n\n<p><strong>Gradsko dru\u0161tvo Crvenog kri\u017ea Buje<\/strong><\/p>\n\n\n\n<p>1. svibnja 9<\/p>\n\n\n\n<p>52460 Buje<\/p>\n\n\n\n<p>Telefon: 052&nbsp;\/ 772 446<\/p>\n\n\n\n<p>Fax: 052&nbsp;\/ 772 446<\/p>\n\n\n\n<p>e-mail: <a href=\"mailto:info@crvenikrizbuje.hr\">info@crvenikrizbuje.hr<\/a><\/p>\n","protected":false},"excerpt":{"rendered":"<p>Prema Zakonu o za\u0161titi na radu (NN 59\/96) i Pravilnikom (NN 56\/83) utvr\u0111en je broj osoba osposobljenih za pru\u017eanje prve pomo\u0107i na osobama ozlije\u0111enim na radu. Poslodavac je du\u017ean organizirati<\/p>\n","protected":false},"author":1,"featured_media":0,"parent":0,"menu_order":0,"comment_status":"closed","ping_status":"closed","template":"","meta":{"_monsterinsights_skip_tracking":false,"_monsterinsights_sitenote_active":false,"_monsterinsights_sitenote_note":"","_monsterinsights_sitenote_category":0,"footnotes":""},"class_list":["post-691","page","type-page","status-publish","hentry"],"_links":{"self":[{"href":"https:\/\/www.crvenikrizbuje.hr\/index.php?rest_route=\/wp\/v2\/pages\/691","targetHints":{"allow":["GET"]}}],"collection":[{"href":"https:\/\/www.crvenikrizbuje.hr\/index.php?rest_route=\/wp\/v2\/pages"}],"about":[{"href":"https:\/\/www.crvenikrizbuje.hr\/index.php?rest_route=\/wp\/v2\/types\/page"}],"author":[{"embeddable":true,"href":"https:\/\/www.crvenikrizbuje.hr\/index.php?rest_route=\/wp\/v2\/users\/1"}],"replies":[{"embeddable":true,"href":"https:\/\/www.crvenikrizbuje.hr\/index.php?rest_route=%2Fwp%2Fv2%2Fcomments&post=691"}],"version-history":[{"count":0,"href":"https:\/\/www.crvenikrizbuje.hr\/index.php?rest_route=\/wp\/v2\/pages\/691\/revisions"}],"wp:attachment":[{"href":"https:\/\/www.crvenikrizbuje.hr\/index.php?rest_route=%2Fwp%2Fv2%2Fmedia&parent=691"}],"curies":[{"name":"wp","href":"https:\/\/api.w.org\/{rel}","templated":true}]}}