{"id":858,"date":"2020-02-17T22:54:54","date_gmt":"2020-02-17T22:54:54","guid":{"rendered":"http:\/\/www.crvenikrizbuje.hr\/?page_id=858"},"modified":"2021-02-05T07:34:59","modified_gmt":"2021-02-05T07:34:59","slug":"volontiraj","status":"publish","type":"page","link":"https:\/\/www.crvenikrizbuje.hr\/?page_id=858","title":{"rendered":"VOLONTIRAJ"},"content":{"rendered":"\n<p><strong>Biti volonter plemenita je odluka. Volontiranjem rastete ali usporedno s Vama raste i korisnik va\u0161e usluge, udruga ili organizacija za koju volontirate, lokalna zajednica u kojoj \u017eivite &nbsp;i dru\u0161tvo u cjelini.<\/strong><\/p>\n\n\n\n<p>Me\u0111utim biti danas volonter tako\u0111er podrazumijeva odre\u0111ena prava i obveze koja su regulirana zakonom, a koje vi &nbsp;kao potencijalni volonter i mi kao organizacija moramo po\u0161tivati. Stoga zakoni i dokumenti koji nas po pitanju volontiranja obvezuju su sljede\u0107i:<\/p>\n\n\n\n<ul class=\"wp-block-list\"><li>&nbsp;<strong>Zakon o volonterstvu (NN 58\/07 i 22\/13)<\/strong><\/li><li><strong>&nbsp;Eti\u010dki kodeks volontera (NN 55\/08)<\/strong><\/li><li><strong>&nbsp;Zakon o Hrvatskom Crvenom kri\u017eu (NN 71\/10)<\/strong><\/li><li><strong>&nbsp;Pravilnik o volontiranju u Hrvatskom Crvenom kri\u017eu (2015.)<\/strong><\/li><li><strong>&nbsp;Eti\u010dki kodeks Hrvatskog Crvenog kri\u017ea (2011.)<\/strong><\/li><li><strong>&nbsp;Statut Gradskog dru\u0161tva Crvenog kri\u017ea Buje (2015.)<\/strong><\/li><\/ul>\n\n\n\n<p>Sve ove dokumente mo\u017eete naravno &nbsp;prona\u0107i na na\u0161oj slu\u017ebenoj internet stranici a ukoliko se ne koristite &nbsp;ra\u010dunalom ili internetom ili preferirate razgovor &nbsp;sve su informacije dostupne i u sjedi\u0161tu Crvenog kri\u017ea Buj\u0161tine na adresi 1. Svibnja 9 u Bujama.<\/p>\n\n\n\n<div class=\"wp-block-image\"><figure class=\"aligncenter size-large\"><img loading=\"lazy\" decoding=\"async\" width=\"1024\" height=\"416\" src=\"http:\/\/www.crvenikrizbuje.hr\/wp-content\/uploads\/2020\/02\/logo-volonteri.jpg\" alt=\"\" class=\"wp-image-859\" srcset=\"https:\/\/www.crvenikrizbuje.hr\/wp-content\/uploads\/2020\/02\/logo-volonteri.jpg 1024w, https:\/\/www.crvenikrizbuje.hr\/wp-content\/uploads\/2020\/02\/logo-volonteri-300x122.jpg 300w, https:\/\/www.crvenikrizbuje.hr\/wp-content\/uploads\/2020\/02\/logo-volonteri-768x312.jpg 768w\" sizes=\"auto, (max-width: 1024px) 100vw, 1024px\" \/><\/figure><\/div>\n\n\n\n<p>Svaki volonter Hrvatskog Crvenog kri\u017ea du\u017ean je u\u010dlanjenjem izvr\u0161iti i uplatu u obliku \u010dlanarine koja je izuzetno mala pa stoga smatramo kako je prilago\u0111ena svim skupinama na\u0161eg dru\u0161tva.<\/p>\n\n\n\n<p><strong>Godi\u0161nja \u010dlanarina za odrasle \u010dlanove starije od 26 godina iznosi 12,00 kn.<\/strong><\/p>\n\n\n\n<p>Kao \u010dlan i volonter koji tokom godine skupi odre\u0111eni broj volonterskih sati i bio je uklju\u010den &nbsp;u provo\u0111enje aktivnosti definiranih godi\u0161njim planom rada &nbsp;ulazi&nbsp;u kategoriju aktivnih \u010dlanova koji mogu odlu\u010divati na sjednicama Skup\u0161tine GDCK Buje te imati priliku biti birani u tijela upravljanja, \u010dime nam dodatno mo\u017eete pomo\u0107i u ostvarenju na\u0161e misije. Namjera nam je da &nbsp;se kao &nbsp;na\u0161 volonter osje\u0107ate potpuno slobodno pitati, tra\u017eiti, predlo\u017eiti, ali i preuzeti inicijativu i &nbsp;biti aktivan. Nastojat \u0107emo pravovremeno pru\u017eati obavijesti o akcijama koje provodimo i pozvati Vas &nbsp;na te aktivnosti koje ste&nbsp; prepoznali a&nbsp; sve u skladu sa na\u0161im programskim djelatnostima.<\/p>\n\n\n\n<p>Ispunjena&nbsp;pristupnica \u0107e se obraditi te \u0107e Vas se nakandno obavijestiti o potpisivanju ugovora o volontiranju&nbsp;<\/p>\n\n\n\n<p>Zahvaljujemo se na va\u0161oj podr\u0161ci&nbsp;<\/p>\n\n\n\n<p>&nbsp;Crveni kri\u017e Buj\u0161tine&nbsp;<\/p>\n\n\n\n<div class=\"wp-block-file aligncenter\"><a href=\"http:\/\/www.crvenikrizbuje.hr\/wp-content\/uploads\/2020\/02\/ZAKON-O-VOLONTERSTVU.pdf\" target=\"_blank\" rel=\"noreferrer noopener\">ZAKON-O-VOLONTERSTVU<\/a><\/div>\n\n\n\n<div class=\"wp-block-file aligncenter\"><a href=\"https:\/\/www.crvenikrizbuje.hr\/wp-content\/uploads\/2021\/02\/IZMJENE-I-DOPUNE-ZAKONA-O-VOLONTERSTVU.pdf\" target=\"_blank\" rel=\"noreferrer noopener\">IZMJENE-I-DOPUNE-ZAKONA-O-VOLONTERSTVU<\/a><\/div>\n\n\n\n<div class=\"wp-block-file aligncenter\"><a href=\"http:\/\/www.crvenikrizbuje.hr\/wp-content\/uploads\/2020\/02\/ETI\u010cKI-KODEKS-VOLONTERA.pdf\" target=\"_blank\" rel=\"noreferrer noopener\">ETI\u010cKI-KODEKS-VOLONTERA<\/a><\/div>\n\n\n\n<div class=\"wp-block-file aligncenter\"><a href=\"http:\/\/www.crvenikrizbuje.hr\/wp-content\/uploads\/2020\/02\/PRAVILNIK-O-VOLONTIRANJU.pdf\" target=\"_blank\" rel=\"noreferrer noopener\">PRAVILNIK-O-VOLONTIRANJU<\/a><\/div>\n\n\n\n<div class=\"wp-block-file aligncenter\"><a href=\"http:\/\/www.crvenikrizbuje.hr\/wp-content\/uploads\/2020\/02\/ETI\u010cKI-KODEKS-HCK.pdf\" target=\"_blank\" rel=\"noreferrer noopener\">ETI\u010cKI-KODEKS-HCK<\/a><\/div>\n\n\n\n<div class=\"wp-block-file aligncenter\"><a href=\"http:\/\/www.crvenikrizbuje.hr\/wp-content\/uploads\/2020\/02\/UGOVOR-O-VOLONTIRANJU.pdf\" target=\"_blank\" rel=\"noreferrer noopener\">UGOVOR-O-VOLONTIRANJU<\/a><\/div>\n\n\n\n<p class=\"has-text-align-center\"><strong>GODI\u0160NJA IZVJE\u0160\u0106A O VOLONTIRANJU<\/strong><\/p>\n\n\n\n<div class=\"wp-block-file aligncenter\"><a href=\"https:\/\/www.crvenikrizbuje.hr\/wp-content\/uploads\/2021\/02\/Godisnje-izvjesce-o-volontiranju-2017.pdf\" target=\"_blank\" rel=\"noreferrer noopener\">Godisnje-izvjesce-o-volontiranju-2017<\/a><\/div>\n\n\n\n<div class=\"wp-block-file aligncenter\"><a href=\"https:\/\/www.crvenikrizbuje.hr\/wp-content\/uploads\/2021\/02\/Godisnje-izvjesce-o-volontiranju-2018.pdf\" target=\"_blank\" rel=\"noreferrer noopener\">Godisnje-izvjesce-o-volontiranju-2018<\/a><\/div>\n\n\n\n<div class=\"wp-block-file aligncenter\"><a href=\"https:\/\/www.crvenikrizbuje.hr\/wp-content\/uploads\/2021\/02\/Godisnje-Izvijesce-01.01.2019.-31.12.2019..pdf\" target=\"_blank\" rel=\"noreferrer noopener\">Godisnje-Izvijesce-o-volontiranju-2019<\/a><\/div>\n\n\n\n<div class=\"wp-block-file aligncenter\"><a href=\"https:\/\/www.crvenikrizbuje.hr\/wp-content\/uploads\/2021\/02\/Godisnje-izvjesce-o-volontiranju-SIJECANJ-PROSINAC-202..pdf\" target=\"_blank\" rel=\"noreferrer noopener\">Godisnje-izvjesce-o-volontiranju-2020<\/a><\/div>\n","protected":false},"excerpt":{"rendered":"<p>Biti volonter plemenita je odluka. Volontiranjem rastete ali usporedno s Vama raste i korisnik va\u0161e usluge, udruga ili organizacija za koju volontirate, lokalna zajednica u kojoj \u017eivite &nbsp;i dru\u0161tvo u<\/p>\n","protected":false},"author":1,"featured_media":0,"parent":0,"menu_order":0,"comment_status":"closed","ping_status":"closed","template":"","meta":{"_monsterinsights_skip_tracking":false,"_monsterinsights_sitenote_active":false,"_monsterinsights_sitenote_note":"","_monsterinsights_sitenote_category":0,"footnotes":""},"class_list":["post-858","page","type-page","status-publish","hentry"],"_links":{"self":[{"href":"https:\/\/www.crvenikrizbuje.hr\/index.php?rest_route=\/wp\/v2\/pages\/858","targetHints":{"allow":["GET"]}}],"collection":[{"href":"https:\/\/www.crvenikrizbuje.hr\/index.php?rest_route=\/wp\/v2\/pages"}],"about":[{"href":"https:\/\/www.crvenikrizbuje.hr\/index.php?rest_route=\/wp\/v2\/types\/page"}],"author":[{"embeddable":true,"href":"https:\/\/www.crvenikrizbuje.hr\/index.php?rest_route=\/wp\/v2\/users\/1"}],"replies":[{"embeddable":true,"href":"https:\/\/www.crvenikrizbuje.hr\/index.php?rest_route=%2Fwp%2Fv2%2Fcomments&post=858"}],"version-history":[{"count":0,"href":"https:\/\/www.crvenikrizbuje.hr\/index.php?rest_route=\/wp\/v2\/pages\/858\/revisions"}],"wp:attachment":[{"href":"https:\/\/www.crvenikrizbuje.hr\/index.php?rest_route=%2Fwp%2Fv2%2Fmedia&parent=858"}],"curies":[{"name":"wp","href":"https:\/\/api.w.org\/{rel}","templated":true}]}}