{"id":950,"date":"2020-03-03T18:55:15","date_gmt":"2020-03-03T18:55:15","guid":{"rendered":"http:\/\/www.crvenikrizbuje.hr\/?page_id=950"},"modified":"2020-03-03T19:25:18","modified_gmt":"2020-03-03T19:25:18","slug":"tecaj-pruzanja-prve-pomoci-za-obrazovne-institucije-i-druge-sluzbe","status":"publish","type":"page","link":"https:\/\/www.crvenikrizbuje.hr\/?page_id=950","title":{"rendered":"TE\u010cAJEVI  PRVE POMO\u0106I ZA OBRAZOVNE INSTITUCIJE I DRUGE SLU\u017dBE"},"content":{"rendered":"\n<p> Te\u010daj organiziraju dru\u0161tva Hrvatskog Crvenog kri\u017ea, a namijenjen je gra\u0111anima, djelatnicima i volonterima razli\u010ditih organizacija, profesionalnom osoblju zainteresiranih pravnih subjekata, djelatnicima i volonterima Hrvatskog Crvenog kri\u017ea. Svrha edukacije je podizanje svijesti javnosti o va\u017enosti znanja i vje\u0161tina iz prve pomo\u0107i kako bi se spasilo \u0161to vi\u0161e \u017eivota, a cilj je obnova znanja i vje\u0161tina koje su polaznici stekli na te\u010daju osnovnih postupaka odr\u017eavanja \u017eivota i usvajanje novih naprednih znanja i vje\u0161tina iz prve pomo\u0107i. Polaznici \u0107e nau\u010diti pru\u017eati prvu pomo\u0107 unesre\u0107enoj osobi kod: vanjskog i\/ili unutarnjeg krvarenje, razli\u010ditih vrsta ozljeda i rana, ozljeda kostiju i zglobova, akcidentalnog stanja i naglo nastupaju\u0107ih stanja. Potvrda vrijedi 4 godine.<br>\u00a0<br><strong>Preduvjet:<\/strong>\u00a0Nema<br><strong>Trajanje:<\/strong>\u00a09 sati <\/p>\n\n\n\n<div class=\"wp-block-image\"><figure class=\"aligncenter size-large\"><img loading=\"lazy\" decoding=\"async\" width=\"1024\" height=\"684\" src=\"http:\/\/www.crvenikrizbuje.hr\/wp-content\/uploads\/2020\/03\/17436283_403331603358358_7794875572490837584_o-1-1024x684.jpg\" alt=\"\" class=\"wp-image-967\" srcset=\"https:\/\/www.crvenikrizbuje.hr\/wp-content\/uploads\/2020\/03\/17436283_403331603358358_7794875572490837584_o-1-1024x684.jpg 1024w, https:\/\/www.crvenikrizbuje.hr\/wp-content\/uploads\/2020\/03\/17436283_403331603358358_7794875572490837584_o-1-300x200.jpg 300w, https:\/\/www.crvenikrizbuje.hr\/wp-content\/uploads\/2020\/03\/17436283_403331603358358_7794875572490837584_o-1-768x513.jpg 768w, https:\/\/www.crvenikrizbuje.hr\/wp-content\/uploads\/2020\/03\/17436283_403331603358358_7794875572490837584_o-1-1536x1026.jpg 1536w, https:\/\/www.crvenikrizbuje.hr\/wp-content\/uploads\/2020\/03\/17436283_403331603358358_7794875572490837584_o-1.jpg 2048w\" sizes=\"auto, (max-width: 1024px) 100vw, 1024px\" \/><\/figure><\/div>\n\n\n\n<p>Gradsko dru\u0161tvo Crvenog kri\u017ea Buje ima \u00a0licencirane  lije\u010dnike, te licencirane medicinske tehni\u010dare i sestre koji provode obuku iz prve pomo\u0107i. Osim kvalitetne ekipe stru\u010dnjaka, prostorija, dru\u0161tvo je\u00a0opremljeno  najsuvremenijom opremom i nastavnim pomagalima za osposobljavanje svih kategorija stanovni\u0161tva \u00a0za pru\u017eanje prve pomo\u0107i.<\/p>\n\n\n\n<p>Svi zainteresirani za o osposobljavanje kandidata za voza\u010de na motorni pogon iz nastavnog predmeta pru\u017eanje prve pomo\u0107i osobama ozlije\u0111enim u prometnoj nezgodi mogu se javiti u:<\/p>\n\n\n\n<p><strong>Gradsko dru\u0161tvo Crvenog kri\u017ea Buje<\/strong><\/p>\n\n\n\n<p>1. svibnja 9<\/p>\n\n\n\n<p>52460 Buje<\/p>\n\n\n\n<p>Telefon: 052\u00a0\/ 772 446<\/p>\n\n\n\n<p>e-mail:&nbsp;<a href=\"mailto:info@crvenikrizbuje.hr\">info@crvenikrizbuje.hr<\/a><\/p>\n","protected":false},"excerpt":{"rendered":"<p>Te\u010daj organiziraju dru\u0161tva Hrvatskog Crvenog kri\u017ea, a namijenjen je gra\u0111anima, djelatnicima i volonterima razli\u010ditih organizacija, profesionalnom osoblju zainteresiranih pravnih subjekata, djelatnicima i volonterima Hrvatskog Crvenog kri\u017ea. Svrha edukacije je podizanje<\/p>\n","protected":false},"author":1,"featured_media":0,"parent":0,"menu_order":0,"comment_status":"closed","ping_status":"closed","template":"","meta":{"_monsterinsights_skip_tracking":false,"_monsterinsights_sitenote_active":false,"_monsterinsights_sitenote_note":"","_monsterinsights_sitenote_category":0,"footnotes":""},"class_list":["post-950","page","type-page","status-publish","hentry"],"_links":{"self":[{"href":"https:\/\/www.crvenikrizbuje.hr\/index.php?rest_route=\/wp\/v2\/pages\/950","targetHints":{"allow":["GET"]}}],"collection":[{"href":"https:\/\/www.crvenikrizbuje.hr\/index.php?rest_route=\/wp\/v2\/pages"}],"about":[{"href":"https:\/\/www.crvenikrizbuje.hr\/index.php?rest_route=\/wp\/v2\/types\/page"}],"author":[{"embeddable":true,"href":"https:\/\/www.crvenikrizbuje.hr\/index.php?rest_route=\/wp\/v2\/users\/1"}],"replies":[{"embeddable":true,"href":"https:\/\/www.crvenikrizbuje.hr\/index.php?rest_route=%2Fwp%2Fv2%2Fcomments&post=950"}],"version-history":[{"count":0,"href":"https:\/\/www.crvenikrizbuje.hr\/index.php?rest_route=\/wp\/v2\/pages\/950\/revisions"}],"wp:attachment":[{"href":"https:\/\/www.crvenikrizbuje.hr\/index.php?rest_route=%2Fwp%2Fv2%2Fmedia&parent=950"}],"curies":[{"name":"wp","href":"https:\/\/api.w.org\/{rel}","templated":true}]}}