{"id":956,"date":"2020-03-03T19:13:08","date_gmt":"2020-03-03T19:13:08","guid":{"rendered":"http:\/\/www.crvenikrizbuje.hr\/?page_id=956"},"modified":"2020-03-03T19:56:09","modified_gmt":"2020-03-03T19:56:09","slug":"tecaj-osnovnih-postupaka-ozivljavanja-uz-koristenje-automatskog-vanjskog-defibrilatora-kpr-avd","status":"publish","type":"page","link":"https:\/\/www.crvenikrizbuje.hr\/?page_id=956","title":{"rendered":"TE\u010cAJ OSNOVNIH POSTUPAKA O\u017dIVLJAVANJA  (KPR\/AVD)"},"content":{"rendered":"\n<h2 class=\"wp-block-heading\">\u0160to je AVD ure\u0111aj?<\/h2>\n\n\n\n<p>  AED-&nbsp;<em>( automatski eksterni defibrilator,&nbsp;u Hrvatskoj se koristi i naziv AVD)<\/em>&nbsp;je maleni, prijenosni ure\u0111aj, jednostavne primjene, sa zada\u0107om isporuke elektri\u010dne struje osobama koji imaju sr\u010dani zastoj uslijed poreme\u0107aja ritma (ventrikularna fibrilacija ili ventrikularna tahikardija bez prisutnog pulsa). Osim toga, dana\u0161nji daju korisniku glasovne i tekstualne upute, na hrvatskom jeziku, prema najnovijim smjernicama osnovnih postupaka odr\u017eavanja \u017eivota.&nbsp; Ure\u0111aj sa 100% sigurno\u0161\u0107u vr\u0161i analizu ritma i preporu\u010duje ili ne preporu\u010duje defibrilaciju, te korisnika vodi kroz cijeli postupak o\u017eivljavanja. <\/p>\n\n\n\n<p><\/p>\n\n\n\n<p> Ukoliko se defibrilator primjeni u prvih 3-5 minuta postoji vrlo visoka vjerojatnost da \u0107e osoba koja je do\u017eivjela opisani poreme\u0107aj pre\u017eivjeti i uspje\u0161no se oporaviti. Uspje\u0161na defibrilacija je mogu\u0107a i kasnije, ali sa svakom slijede\u0107om minutom koja protekne od nastanka poreme\u0107aja, gubi se 7-10% vjerojatnosti za pre\u017eivljavanje i uspje\u0161an oporavak.<br>Stoga uspje\u0161nost spa\u0161avanja \u017eivota u ovakvih slu\u010dajevima ovisi direktno o dostupnosti defibrilatora u trenutku nastanka nagle sr\u010dane smrti. Ovdje treba dodati i to da je u velikoj ve\u0107ini slu\u010dajeva ovakav oblik sr\u010danog zastoja prvi simptom bolesti srca. Drugim rije\u010dima, takav sr\u010dani zastoj se \u010desto doga\u0111a ljudima koji su do tada bili zdravi, ili su barem tako izgledali svojoj okolini. Zbog svega navedenog, gotovo je nemogu\u0107e predvidjeti vrijeme ili mjesto na kojem bi se moglo o\u010dekivati da \u0107e kod nekoga do\u0107i do sr\u010danog zastoja. <\/p>\n\n\n\n<div class=\"wp-block-image\"><figure class=\"aligncenter size-large\"><img loading=\"lazy\" decoding=\"async\" width=\"1024\" height=\"609\" src=\"http:\/\/www.crvenikrizbuje.hr\/wp-content\/uploads\/2020\/03\/86610553_1044802785877900_7578247473399857152_o-1024x609.jpg\" alt=\"\" class=\"wp-image-958\" srcset=\"https:\/\/www.crvenikrizbuje.hr\/wp-content\/uploads\/2020\/03\/86610553_1044802785877900_7578247473399857152_o-1024x609.jpg 1024w, https:\/\/www.crvenikrizbuje.hr\/wp-content\/uploads\/2020\/03\/86610553_1044802785877900_7578247473399857152_o-300x178.jpg 300w, https:\/\/www.crvenikrizbuje.hr\/wp-content\/uploads\/2020\/03\/86610553_1044802785877900_7578247473399857152_o-768x457.jpg 768w, https:\/\/www.crvenikrizbuje.hr\/wp-content\/uploads\/2020\/03\/86610553_1044802785877900_7578247473399857152_o-1536x913.jpg 1536w, https:\/\/www.crvenikrizbuje.hr\/wp-content\/uploads\/2020\/03\/86610553_1044802785877900_7578247473399857152_o-505x300.jpg 505w, https:\/\/www.crvenikrizbuje.hr\/wp-content\/uploads\/2020\/03\/86610553_1044802785877900_7578247473399857152_o.jpg 1892w\" sizes=\"auto, (max-width: 1024px) 100vw, 1024px\" \/><\/figure><\/div>\n\n\n\n<p>Te\u010daj organiziraju dru\u0161tva Hrvatskog Crvenog kri\u017ea, a namijenjen je gra\u0111anima, profesionalnom osoblju zainteresiranih pravnih subjekata, djelatnicima i volonterima Hrvatskog Crvenog kri\u017ea. Nakon zavr\u0161enog te\u010daja polaznici \u0107e znati primijeniti postupke o\u017eivljavanja uz automatski vanjski defibrilator.<br>&nbsp;<br><strong>Preduvjet:<\/strong>&nbsp;nema<br><strong>Trajanje:<\/strong>&nbsp;6 sati nastave <\/p>\n\n\n\n<p>Osposobljavanje se sastoji od teorijskog te prakti\u010dnog dijela na kojem se provode vje\u017ebe pru\u017eanja prve pomo\u0107i.<\/p>\n\n\n\n<p>Nakon te\u010daja izdaje se uvjerenje o osposobljenosti radnika za pru\u017eanje prve pomo\u0107i na radu.<\/p>\n\n\n\n<p>Gradsko dru\u0161tvo Crvenog kri\u017ea Buje&nbsp;ima &nbsp;licencirane lije\u010dnike i medicinske tehni\u010dare i sestre koji provode obuku iz prve pomo\u0107i. Osim kvalitetne ekipe stru\u010dnjaka, prostorija, Gradsko dru\u0161tvo Crvenog kri\u017ea Buje&nbsp;opremljeno je potrebnom opremom i nastavnim pomagalima za osposobljavanje svih kategorija stanovni\u0161tva &nbsp;za pru\u017eanje prve pomo\u0107i.<\/p>\n\n\n\n<p>Ukoliko u Va\u0161oj tvrtki  jo\u0161 niste osposobili svoje djelatnike  za pru\u017eanje prve pomo\u0107i, pozivamo Vas da nam se javite:<\/p>\n\n\n\n<p><strong>Gradsko dru\u0161tvo Crvenog kri\u017ea Buje<\/strong><\/p>\n\n\n\n<p>1. svibnja 9<\/p>\n\n\n\n<p>52460 Buje<\/p>\n\n\n\n<p>Telefon: 052&nbsp;\/ 772 446<\/p>\n\n\n\n<p>e-mail: <a href=\"mailto:info@crvenikrizbuje.hr\">info@crvenikrizbuje.hr<\/a><\/p>\n","protected":false},"excerpt":{"rendered":"<p>\u0160to je AVD ure\u0111aj? AED-&nbsp;( automatski eksterni defibrilator,&nbsp;u Hrvatskoj se koristi i naziv AVD)&nbsp;je maleni, prijenosni ure\u0111aj, jednostavne primjene, sa zada\u0107om isporuke elektri\u010dne struje osobama koji imaju sr\u010dani zastoj uslijed<\/p>\n","protected":false},"author":1,"featured_media":0,"parent":0,"menu_order":0,"comment_status":"closed","ping_status":"closed","template":"","meta":{"_monsterinsights_skip_tracking":false,"_monsterinsights_sitenote_active":false,"_monsterinsights_sitenote_note":"","_monsterinsights_sitenote_category":0,"footnotes":""},"class_list":["post-956","page","type-page","status-publish","hentry"],"_links":{"self":[{"href":"https:\/\/www.crvenikrizbuje.hr\/index.php?rest_route=\/wp\/v2\/pages\/956","targetHints":{"allow":["GET"]}}],"collection":[{"href":"https:\/\/www.crvenikrizbuje.hr\/index.php?rest_route=\/wp\/v2\/pages"}],"about":[{"href":"https:\/\/www.crvenikrizbuje.hr\/index.php?rest_route=\/wp\/v2\/types\/page"}],"author":[{"embeddable":true,"href":"https:\/\/www.crvenikrizbuje.hr\/index.php?rest_route=\/wp\/v2\/users\/1"}],"replies":[{"embeddable":true,"href":"https:\/\/www.crvenikrizbuje.hr\/index.php?rest_route=%2Fwp%2Fv2%2Fcomments&post=956"}],"version-history":[{"count":0,"href":"https:\/\/www.crvenikrizbuje.hr\/index.php?rest_route=\/wp\/v2\/pages\/956\/revisions"}],"wp:attachment":[{"href":"https:\/\/www.crvenikrizbuje.hr\/index.php?rest_route=%2Fwp%2Fv2%2Fmedia&parent=956"}],"curies":[{"name":"wp","href":"https:\/\/api.w.org\/{rel}","templated":true}]}}